{"id":8803,"date":"2022-07-18T08:30:17","date_gmt":"2022-07-18T06:30:17","guid":{"rendered":"https:\/\/ecoindustria.net\/?page_id=8803"},"modified":"2022-07-18T08:33:31","modified_gmt":"2022-07-18T06:33:31","slug":"financament","status":"publish","type":"page","link":"https:\/\/ecoindustria.net\/es\/financament\/","title":{"rendered":"Financiaci\u00f3n"},"content":{"rendered":"<div data-elementor-type=\"wp-page\" data-elementor-id=\"8803\" class=\"elementor elementor-8803\" data-elementor-post-type=\"page\">\n\t\t\t\t\t\t<section class=\"elementor-section elementor-top-section elementor-element elementor-element-204d6a17 elementor-section-boxed elementor-section-height-default elementor-section-height-default\" data-id=\"204d6a17\" data-element_type=\"section\">\n\t\t\t\t\t\t<div class=\"elementor-container elementor-column-gap-default\">\n\t\t\t\t\t<div class=\"elementor-column elementor-col-100 elementor-top-column elementor-element elementor-element-1e1bb28d\" data-id=\"1e1bb28d\" data-element_type=\"column\">\n\t\t\t<div class=\"elementor-widget-wrap\">\n\t\t\t\t\t\t\t<\/div>\n\t\t<\/div>\n\t\t\t\t\t<\/div>\n\t\t<\/section>\n\t\t\t\t<section class=\"elementor-section elementor-top-section elementor-element elementor-element-b8b3cf6 elementor-section-full_width elementor-section-height-default elementor-section-height-default\" data-id=\"b8b3cf6\" data-element_type=\"section\" data-settings=\"{&quot;background_background&quot;:&quot;classic&quot;}\">\n\t\t\t\t\t\t\t<div class=\"elementor-background-overlay\"><\/div>\n\t\t\t\t\t\t\t<div class=\"elementor-container elementor-column-gap-no\">\n\t\t\t\t\t<div class=\"elementor-column elementor-col-100 elementor-top-column elementor-element elementor-element-e2203db\" data-id=\"e2203db\" data-element_type=\"column\">\n\t\t\t<div class=\"elementor-widget-wrap elementor-element-populated\">\n\t\t\t\t\t\t<div class=\"elementor-element elementor-element-2959bce elementor-widget elementor-widget-spacer\" data-id=\"2959bce\" data-element_type=\"widget\" data-widget_type=\"spacer.default\">\n\t\t\t\t<div class=\"elementor-widget-container\">\n\t\t\t\t\t\t\t<div class=\"elementor-spacer\">\n\t\t\t<div class=\"elementor-spacer-inner\"><\/div>\n\t\t<\/div>\n\t\t\t\t\t\t<\/div>\n\t\t\t\t<\/div>\n\t\t\t\t\t<\/div>\n\t\t<\/div>\n\t\t\t\t\t<\/div>\n\t\t<\/section>\n\t\t\t\t<section class=\"elementor-section elementor-top-section elementor-element elementor-element-fb23e7c elementor-section-content-middle elementor-section-stretched elementor-section-full_width elementor-section-height-default elementor-section-height-default\" data-id=\"fb23e7c\" data-element_type=\"section\" data-settings=\"{&quot;background_background&quot;:&quot;classic&quot;,&quot;stretch_section&quot;:&quot;section-stretched&quot;}\">\n\t\t\t\t\t\t<div class=\"elementor-container elementor-column-gap-no\">\n\t\t\t\t\t<div class=\"elementor-column elementor-col-100 elementor-top-column elementor-element elementor-element-a93bb4c\" data-id=\"a93bb4c\" data-element_type=\"column\" data-settings=\"{&quot;background_background&quot;:&quot;classic&quot;}\">\n\t\t\t<div class=\"elementor-widget-wrap elementor-element-populated\">\n\t\t\t\t\t\t<section class=\"elementor-section elementor-inner-section elementor-element elementor-element-4e51a43 elementor-section-boxed elementor-section-height-default elementor-section-height-default\" data-id=\"4e51a43\" data-element_type=\"section\">\n\t\t\t\t\t\t<div class=\"elementor-container elementor-column-gap-wider\">\n\t\t\t\t\t<div class=\"elementor-column elementor-col-100 elementor-inner-column elementor-element elementor-element-eaaf861\" data-id=\"eaaf861\" data-element_type=\"column\" data-settings=\"{&quot;background_background&quot;:&quot;classic&quot;}\">\n\t\t\t<div class=\"elementor-widget-wrap elementor-element-populated\">\n\t\t\t\t\t\t<div class=\"elementor-element elementor-element-8b2f625 elementor-widget elementor-widget-heading\" data-id=\"8b2f625\" data-element_type=\"widget\" data-widget_type=\"heading.default\">\n\t\t\t\t<div class=\"elementor-widget-container\">\n\t\t\t\t\t<h2 class=\"elementor-heading-title elementor-size-xxl\">Financiaci\u00f3n<\/h2>\t\t\t\t<\/div>\n\t\t\t\t<\/div>\n\t\t\t\t<div class=\"elementor-element elementor-element-79ec263 elementor-widget-divider--view-line elementor-invisible elementor-widget elementor-widget-divider\" data-id=\"79ec263\" data-element_type=\"widget\" data-settings=\"{&quot;_animation&quot;:&quot;fadeInUp&quot;}\" data-widget_type=\"divider.default\">\n\t\t\t\t<div class=\"elementor-widget-container\">\n\t\t\t\t\t\t\t<div class=\"elementor-divider\">\n\t\t\t<span class=\"elementor-divider-separator\">\n\t\t\t\t\t\t<\/span>\n\t\t<\/div>\n\t\t\t\t\t\t<\/div>\n\t\t\t\t<\/div>\n\t\t\t\t<div class=\"elementor-element elementor-element-227829df elementor-widget elementor-widget-text-editor\" data-id=\"227829df\" data-element_type=\"widget\" data-widget_type=\"text-editor.default\">\n\t\t\t\t<div class=\"elementor-widget-container\">\n\t\t\t\t\t\t\t\t\t\n<p>Servicio gratuito de investigaci\u00f3n y soporte a la tramitaci\u00f3n de ayudas econ\u00f3micas para desarrollar proyectos sostenibles.<\/p>\n\n\n\n<p>Este acompa\u00f1amiento tiene la finalidad de proporcionar soporte experto en la b\u00fasqueda de subvenciones y nuevas fuentes de financiaci\u00f3n espec\u00edficas, para la implementaci\u00f3n de los proyectos de econom\u00eda circular de las empresas del territorio. As\u00ed como ofrecer ayuda en la tramitaci\u00f3n de estas subvenciones con el objetivo de facilitar la viabilidad de los proyectos.<\/p>\n\t\t\t\t\t\t\t\t<\/div>\n\t\t\t\t<\/div>\n\t\t\t\t<div class=\"elementor-element elementor-element-b44bdec elementor-align-center elementor-widget elementor-widget-button\" data-id=\"b44bdec\" data-element_type=\"widget\" data-widget_type=\"button.default\">\n\t\t\t\t<div class=\"elementor-widget-container\">\n\t\t\t\t\t\t\t\t\t<div class=\"elementor-button-wrapper\">\n\t\t\t\t\t<a class=\"elementor-button elementor-button-link elementor-size-sm elementor-animation-grow\" href=\"https:\/\/ecoindustria.net\/es\/apuntat-hi-2\/\">\n\t\t\t\t\t\t<span class=\"elementor-button-content-wrapper\">\n\t\t\t\t\t\t\t\t\t<span class=\"elementor-button-text\">Contacta para recibir m\u00e1s informaci\u00f3n<\/span>\n\t\t\t\t\t<\/span>\n\t\t\t\t\t<\/a>\n\t\t\t\t<\/div>\n\t\t\t\t\t\t\t\t<\/div>\n\t\t\t\t<\/div>\n\t\t\t\t<div class=\"elementor-element elementor-element-a16f9b5 elementor-widget elementor-widget-spacer\" data-id=\"a16f9b5\" data-element_type=\"widget\" data-widget_type=\"spacer.default\">\n\t\t\t\t<div class=\"elementor-widget-container\">\n\t\t\t\t\t\t\t<div class=\"elementor-spacer\">\n\t\t\t<div class=\"elementor-spacer-inner\"><\/div>\n\t\t<\/div>\n\t\t\t\t\t\t<\/div>\n\t\t\t\t<\/div>\n\t\t\t\t\t<\/div>\n\t\t<\/div>\n\t\t\t\t\t<\/div>\n\t\t<\/section>\n\t\t\t\t\t<\/div>\n\t\t<\/div>\n\t\t\t\t\t<\/div>\n\t\t<\/section>\n\t\t\t\t<\/div>","protected":false},"excerpt":{"rendered":"<p>Financiaci\u00f3n Servicio gratuito de investigaci\u00f3n y soporte a la tramitaci\u00f3n de ayudas econ\u00f3micas para desarrollar proyectos sostenibles. Este acompa\u00f1amiento tiene la finalidad de proporcionar soporte experto en la b\u00fasqueda de subvenciones y nuevas fuentes de financiaci\u00f3n espec\u00edficas, para la implementaci\u00f3n de los proyectos de econom\u00eda circular de las empresas del territorio. As\u00ed como, ofrecer ayuda en la [\u2026]<\/p>","protected":false},"author":9,"featured_media":0,"parent":0,"menu_order":0,"comment_status":"closed","ping_status":"closed","template":"","meta":{"_acf_changed":false,"footnotes":""},"class_list":["post-8803","page","type-page","status-publish","hentry"],"acf":[],"_links":{"self":[{"href":"https:\/\/ecoindustria.net\/es\/wp-json\/wp\/v2\/pages\/8803","targetHints":{"allow":["GET"]}}],"collection":[{"href":"https:\/\/ecoindustria.net\/es\/wp-json\/wp\/v2\/pages"}],"about":[{"href":"https:\/\/ecoindustria.net\/es\/wp-json\/wp\/v2\/types\/page"}],"author":[{"embeddable":true,"href":"https:\/\/ecoindustria.net\/es\/wp-json\/wp\/v2\/users\/9"}],"replies":[{"embeddable":true,"href":"https:\/\/ecoindustria.net\/es\/wp-json\/wp\/v2\/comments?post=8803"}],"version-history":[{"count":4,"href":"https:\/\/ecoindustria.net\/es\/wp-json\/wp\/v2\/pages\/8803\/revisions"}],"predecessor-version":[{"id":8807,"href":"https:\/\/ecoindustria.net\/es\/wp-json\/wp\/v2\/pages\/8803\/revisions\/8807"}],"wp:attachment":[{"href":"https:\/\/ecoindustria.net\/es\/wp-json\/wp\/v2\/media?parent=8803"}],"curies":[{"name":"wp","href":"https:\/\/api.w.org\/{rel}","templated":true}]}}