{"id":7850,"date":"2020-11-25T16:35:14","date_gmt":"2020-11-25T15:35:14","guid":{"rendered":"https:\/\/ecoindustria.net\/?page_id=7850"},"modified":"2021-01-25T12:31:27","modified_gmt":"2021-01-25T11:31:27","slug":"jornada-online-20-desembre","status":"publish","type":"page","link":"https:\/\/ecoindustria.net\/es\/jornada-online-20-desembre\/","title":{"rendered":"Jornada Online 17 Desembre"},"content":{"rendered":"<div data-elementor-type=\"wp-page\" data-elementor-id=\"7850\" class=\"elementor elementor-7850\" data-elementor-post-type=\"page\">\n\t\t\t\t\t\t<section class=\"elementor-section elementor-top-section elementor-element elementor-element-524b586 elementor-section-height-min-height elementor-section-boxed elementor-section-height-default elementor-section-items-middle\" data-id=\"524b586\" data-element_type=\"section\" data-settings=\"{&quot;background_background&quot;:&quot;classic&quot;}\">\n\t\t\t\t\t\t<div class=\"elementor-container elementor-column-gap-default\">\n\t\t\t\t\t<div class=\"elementor-column elementor-col-100 elementor-top-column elementor-element elementor-element-38b03c6\" data-id=\"38b03c6\" data-element_type=\"column\">\n\t\t\t<div class=\"elementor-widget-wrap elementor-element-populated\">\n\t\t\t\t\t\t<section class=\"elementor-section elementor-inner-section elementor-element elementor-element-f4a6513 elementor-section-boxed elementor-section-height-default elementor-section-height-default\" data-id=\"f4a6513\" data-element_type=\"section\">\n\t\t\t\t\t\t<div class=\"elementor-container elementor-column-gap-default\">\n\t\t\t\t\t<div class=\"elementor-column elementor-col-100 elementor-inner-column elementor-element elementor-element-5da5eb2\" data-id=\"5da5eb2\" data-element_type=\"column\">\n\t\t\t<div class=\"elementor-widget-wrap elementor-element-populated\">\n\t\t\t\t\t\t<div class=\"elementor-element elementor-element-dc2add1 elementor-widget elementor-widget-heading\" data-id=\"dc2add1\" data-element_type=\"widget\" data-widget_type=\"heading.default\">\n\t\t\t\t<div class=\"elementor-widget-container\">\n\t\t\t\t\t<h2 class=\"elementor-heading-title elementor-size-default\">Jornada Online<\/h2>\t\t\t\t<\/div>\n\t\t\t\t<\/div>\n\t\t\t\t<div class=\"elementor-element elementor-element-ee184be elementor-widget elementor-widget-heading\" data-id=\"ee184be\" data-element_type=\"widget\" data-widget_type=\"heading.default\">\n\t\t\t\t<div class=\"elementor-widget-container\">\n\t\t\t\t\t<h2 class=\"elementor-heading-title elementor-size-default\">Creamos una comunidad de empresas colaborativas y sostenibles<\/h2>\t\t\t\t<\/div>\n\t\t\t\t<\/div>\n\t\t\t\t\t<\/div>\n\t\t<\/div>\n\t\t\t\t\t<\/div>\n\t\t<\/section>\n\t\t\t\t\t<\/div>\n\t\t<\/div>\n\t\t\t\t\t<\/div>\n\t\t<\/section>\n\t\t\t\t<section class=\"elementor-section elementor-top-section elementor-element elementor-element-8840f8f elementor-section-boxed elementor-section-height-default elementor-section-height-default\" data-id=\"8840f8f\" data-element_type=\"section\">\n\t\t\t\t\t\t<div class=\"elementor-container elementor-column-gap-default\">\n\t\t\t\t\t<div class=\"elementor-column elementor-col-100 elementor-top-column elementor-element elementor-element-4a4e160\" data-id=\"4a4e160\" data-element_type=\"column\">\n\t\t\t<div class=\"elementor-widget-wrap elementor-element-populated\">\n\t\t\t\t\t\t<section class=\"elementor-section elementor-inner-section elementor-element elementor-element-73e57bf elementor-section-boxed elementor-section-height-default elementor-section-height-default\" data-id=\"73e57bf\" data-element_type=\"section\">\n\t\t\t\t\t\t<div class=\"elementor-container elementor-column-gap-default\">\n\t\t\t\t\t<div class=\"elementor-column elementor-col-50 elementor-inner-column elementor-element elementor-element-e5e23bb\" data-id=\"e5e23bb\" data-element_type=\"column\">\n\t\t\t<div class=\"elementor-widget-wrap elementor-element-populated\">\n\t\t\t\t\t\t<div class=\"elementor-element elementor-element-f7b3427 elementor-widget elementor-widget-image\" data-id=\"f7b3427\" data-element_type=\"widget\" data-widget_type=\"image.default\">\n\t\t\t\t<div class=\"elementor-widget-container\">\n\t\t\t\t\t\t\t\t\t\t\t\t\t\t\t<img fetchpriority=\"high\" decoding=\"async\" width=\"800\" height=\"427\" src=\"https:\/\/ecoindustria.net\/wp-content\/uploads\/2020\/11\/JORNADA-DESEMBRE.png\" class=\"attachment-large size-large wp-image-7827\" alt=\"\" srcset=\"https:\/\/ecoindustria.net\/wp-content\/uploads\/2020\/11\/JORNADA-DESEMBRE.png 1018w, https:\/\/ecoindustria.net\/wp-content\/uploads\/2020\/11\/JORNADA-DESEMBRE-300x160.png 300w, https:\/\/ecoindustria.net\/wp-content\/uploads\/2020\/11\/JORNADA-DESEMBRE-768x410.png 768w, https:\/\/ecoindustria.net\/wp-content\/uploads\/2020\/11\/JORNADA-DESEMBRE-16x9.png 16w, https:\/\/ecoindustria.net\/wp-content\/uploads\/2020\/11\/JORNADA-DESEMBRE-150x80.png 150w, https:\/\/ecoindustria.net\/wp-content\/uploads\/2020\/11\/JORNADA-DESEMBRE-500x267.png 500w\" sizes=\"(max-width: 800px) 100vw, 800px\" \/>\t\t\t\t\t\t\t\t\t\t\t\t\t\t\t<\/div>\n\t\t\t\t<\/div>\n\t\t\t\t<div class=\"elementor-element elementor-element-be8f413 elementor-widget elementor-widget-video\" data-id=\"be8f413\" data-element_type=\"widget\" data-settings=\"{&quot;youtube_url&quot;:&quot;https:\\\/\\\/youtu.be\\\/_4yveO1WQA0&quot;,&quot;video_type&quot;:&quot;youtube&quot;,&quot;controls&quot;:&quot;yes&quot;}\" data-widget_type=\"video.default\">\n\t\t\t\t<div class=\"elementor-widget-container\">\n\t\t\t\t\t\t\t<div class=\"elementor-wrapper elementor-open-inline\">\n\t\t\t<div class=\"elementor-video\"><\/div>\t\t<\/div>\n\t\t\t\t\t\t<\/div>\n\t\t\t\t<\/div>\n\t\t\t\t<div class=\"elementor-element elementor-element-88a101b elementor-widget elementor-widget-text-editor\" data-id=\"88a101b\" data-element_type=\"widget\" data-widget_type=\"text-editor.default\">\n\t\t\t\t<div class=\"elementor-widget-container\">\n\t\t\t\t\t\t\t\t\t<h4><strong>Creamos una comunidad de empresas colaborativas y sostenibles.<\/strong><br \/>Jornada Online \u2013 17 de diciembre<\/h4><p><strong>Programa<\/strong>:<\/p><p><strong>9.30 h Bienvenida<\/strong><\/p><ul><li>Representante del \u00c1rea de Desarrollo Econ\u00f3mico del Ayuntamiento de El Prat de Llobregat<\/li><li>SR. Jordi Tort, teniente de alcalde del \u00c1mbito de Estrategia Econ\u00f3mica, Trabajo y Promoci\u00f3n de la Ciudad del Ayuntamiento de Gav\u00e0<\/li><li>D\u00aa. Elisabet Latorre, concejala de Desarrollo Econ\u00f3mico del Ayuntamiento de Sant Boi de Llobregat<\/li><li>SR. Ricard Calle, teniente de alcalde del \u00c1rea de Planificaci\u00f3n Territorial y Presidente del \u00c1mbito de Transici\u00f3n Ecol\u00f3gica y promoci\u00f3n de la Ciudad del Ayuntamiento de Viladecans<\/li><\/ul><p>\u00a0<\/p><p><strong>9.45 h Econom\u00eda Circular en la empresa. Una mirada obligada desde la cuenta de resultados<\/strong><\/p><ul><li>D\u00aa. Mar Isla Pera, Proyectos Estrat\u00e9gicos. C\u00e1tedra Econom\u00eda Circular. TECNOCAMPUS- MATAR\u00d3. Adscrita a Universidad Pompeu Fabra<\/li><\/ul><p>\u00a0<\/p><p><strong>10.05 h Intercambio para el despliegue de estrategias vinculadas con la econom\u00eda circular<\/strong><\/p><ul><li>Inspiraciones, aprendizaje mutuo y trabajo colaborativo para empresas implicadas en el programa de Ecoindustria y empresas interesadas en la econom\u00eda circular del Delta del Llobregat<br \/>Dinamizado por el equipo de Ecoindustria e Imfusio<\/li><\/ul><p>\u00a0<\/p><p><strong>11.00 h Fin de la jornada<\/strong><\/p>\t\t\t\t\t\t\t\t<\/div>\n\t\t\t\t<\/div>\n\t\t\t\t\t<\/div>\n\t\t<\/div>\n\t\t\t\t<div class=\"elementor-column elementor-col-50 elementor-inner-column elementor-element elementor-element-b0b06a4\" data-id=\"b0b06a4\" data-element_type=\"column\">\n\t\t\t<div class=\"elementor-widget-wrap elementor-element-populated\">\n\t\t\t\t\t\t<div class=\"elementor-element elementor-element-b2afbb1 elementor-widget elementor-widget-text-editor\" data-id=\"b2afbb1\" data-element_type=\"widget\" data-widget_type=\"text-editor.default\">\n\t\t\t\t<div class=\"elementor-widget-container\">\n\t\t\t\t\t\t\t\t\t<ul><li><strong>Fecha: <\/strong>17 de diciembre 2020<\/li><li><strong>Hora: <\/strong>9:30h - 11:00h<\/li><\/ul>\t\t\t\t\t\t\t\t<\/div>\n\t\t\t\t<\/div>\n\t\t\t\t\t<\/div>\n\t\t<\/div>\n\t\t\t\t\t<\/div>\n\t\t<\/section>\n\t\t\t\t<div class=\"elementor-element elementor-element-ccffaef elementor-widget elementor-widget-spacer\" data-id=\"ccffaef\" data-element_type=\"widget\" data-widget_type=\"spacer.default\">\n\t\t\t\t<div class=\"elementor-widget-container\">\n\t\t\t\t\t\t\t<div class=\"elementor-spacer\">\n\t\t\t<div class=\"elementor-spacer-inner\"><\/div>\n\t\t<\/div>\n\t\t\t\t\t\t<\/div>\n\t\t\t\t<\/div>\n\t\t\t\t\t<\/div>\n\t\t<\/div>\n\t\t\t\t\t<\/div>\n\t\t<\/section>\n\t\t\t\t<\/div>","protected":false},"excerpt":{"rendered":"<p>Jornada Online Creem una comunitat d\u2019empreses col\u00b7laboratives i sostenibles https:\/\/youtu.be\/_4yveO1WQA0 Creem una comunitat d\u2019empreses col\u00b7laboratives i sostenibles.Jornada Online \u2013 17 de desembre Programa: 9.30 h Benvinguda Representant de l&#8217;\u00c0rea de Desenvolupament Econ\u00f2mic de l&#8217;Ajuntament del Prat de Llobregat Sr. Jordi Tort, tinent d\u2019alcalde de l\u2019\u00c0mbit d\u2019Estrat\u00e8gia Econ\u00f2mica, Treball i Promoci\u00f3 de la Ciutat de l\u2019Ajuntament [&hellip;]<\/p>","protected":false},"author":9,"featured_media":0,"parent":0,"menu_order":0,"comment_status":"closed","ping_status":"closed","template":"elementor_header_footer","meta":{"_acf_changed":false,"footnotes":""},"class_list":["post-7850","page","type-page","status-publish","hentry"],"acf":[],"_links":{"self":[{"href":"https:\/\/ecoindustria.net\/es\/wp-json\/wp\/v2\/pages\/7850","targetHints":{"allow":["GET"]}}],"collection":[{"href":"https:\/\/ecoindustria.net\/es\/wp-json\/wp\/v2\/pages"}],"about":[{"href":"https:\/\/ecoindustria.net\/es\/wp-json\/wp\/v2\/types\/page"}],"author":[{"embeddable":true,"href":"https:\/\/ecoindustria.net\/es\/wp-json\/wp\/v2\/users\/9"}],"replies":[{"embeddable":true,"href":"https:\/\/ecoindustria.net\/es\/wp-json\/wp\/v2\/comments?post=7850"}],"version-history":[{"count":54,"href":"https:\/\/ecoindustria.net\/es\/wp-json\/wp\/v2\/pages\/7850\/revisions"}],"predecessor-version":[{"id":7981,"href":"https:\/\/ecoindustria.net\/es\/wp-json\/wp\/v2\/pages\/7850\/revisions\/7981"}],"wp:attachment":[{"href":"https:\/\/ecoindustria.net\/es\/wp-json\/wp\/v2\/media?parent=7850"}],"curies":[{"name":"wp","href":"https:\/\/api.w.org\/{rel}","templated":true}]}}