{"id":7725,"date":"2020-06-08T08:54:05","date_gmt":"2020-06-08T06:54:05","guid":{"rendered":"https:\/\/ecoindustria.net\/?page_id=7725"},"modified":"2021-07-19T09:26:02","modified_gmt":"2021-07-19T07:26:02","slug":"assessoraments","status":"publish","type":"page","link":"https:\/\/ecoindustria.net\/es\/assessoraments\/","title":{"rendered":"Asesoramientos"},"content":{"rendered":"<div data-elementor-type=\"wp-page\" data-elementor-id=\"7725\" class=\"elementor elementor-7725\" data-elementor-post-type=\"page\">\n\t\t\t\t\t\t<section class=\"elementor-section elementor-top-section elementor-element elementor-element-8cb8405 elementor-section-full_width elementor-section-height-default elementor-section-height-default\" data-id=\"8cb8405\" data-element_type=\"section\" data-settings=\"{&quot;background_background&quot;:&quot;classic&quot;}\">\n\t\t\t\t\t\t\t<div class=\"elementor-background-overlay\"><\/div>\n\t\t\t\t\t\t\t<div class=\"elementor-container elementor-column-gap-no\">\n\t\t\t\t\t<div class=\"elementor-column elementor-col-100 elementor-top-column elementor-element elementor-element-3dc06e9\" data-id=\"3dc06e9\" data-element_type=\"column\">\n\t\t\t<div class=\"elementor-widget-wrap elementor-element-populated\">\n\t\t\t\t\t\t<div class=\"elementor-element elementor-element-7aa1b8d elementor-widget elementor-widget-spacer\" data-id=\"7aa1b8d\" data-element_type=\"widget\" data-widget_type=\"spacer.default\">\n\t\t\t\t<div class=\"elementor-widget-container\">\n\t\t\t\t\t\t\t<div class=\"elementor-spacer\">\n\t\t\t<div class=\"elementor-spacer-inner\"><\/div>\n\t\t<\/div>\n\t\t\t\t\t\t<\/div>\n\t\t\t\t<\/div>\n\t\t\t\t\t<\/div>\n\t\t<\/div>\n\t\t\t\t\t<\/div>\n\t\t<\/section>\n\t\t\t\t<section class=\"elementor-section elementor-top-section elementor-element elementor-element-4378f861 elementor-section-content-middle elementor-section-stretched elementor-section-full_width elementor-section-height-default elementor-section-height-default\" data-id=\"4378f861\" data-element_type=\"section\" data-settings=\"{&quot;background_background&quot;:&quot;classic&quot;,&quot;stretch_section&quot;:&quot;section-stretched&quot;}\">\n\t\t\t\t\t\t<div class=\"elementor-container elementor-column-gap-no\">\n\t\t\t\t\t<div class=\"elementor-column elementor-col-100 elementor-top-column elementor-element elementor-element-3ef3a11\" data-id=\"3ef3a11\" data-element_type=\"column\" data-settings=\"{&quot;background_background&quot;:&quot;classic&quot;}\">\n\t\t\t<div class=\"elementor-widget-wrap elementor-element-populated\">\n\t\t\t\t\t\t<section class=\"elementor-section elementor-inner-section elementor-element elementor-element-129e8d09 elementor-section-boxed elementor-section-height-default elementor-section-height-default\" data-id=\"129e8d09\" data-element_type=\"section\">\n\t\t\t\t\t\t<div class=\"elementor-container elementor-column-gap-wider\">\n\t\t\t\t\t<div class=\"elementor-column elementor-col-100 elementor-inner-column elementor-element elementor-element-24f410c8\" data-id=\"24f410c8\" data-element_type=\"column\" data-settings=\"{&quot;background_background&quot;:&quot;classic&quot;}\">\n\t\t\t<div class=\"elementor-widget-wrap elementor-element-populated\">\n\t\t\t\t\t\t<div class=\"elementor-element elementor-element-32c84ff7 elementor-widget elementor-widget-heading\" data-id=\"32c84ff7\" data-element_type=\"widget\" data-widget_type=\"heading.default\">\n\t\t\t\t<div class=\"elementor-widget-container\">\n\t\t\t\t\t<h2 class=\"elementor-heading-title elementor-size-xxl\">Asesoramiento<\/h2>\t\t\t\t<\/div>\n\t\t\t\t<\/div>\n\t\t\t\t<div class=\"elementor-element elementor-element-63573125 elementor-widget-divider--view-line elementor-invisible elementor-widget elementor-widget-divider\" data-id=\"63573125\" data-element_type=\"widget\" data-settings=\"{&quot;_animation&quot;:&quot;fadeInUp&quot;}\" data-widget_type=\"divider.default\">\n\t\t\t\t<div class=\"elementor-widget-container\">\n\t\t\t\t\t\t\t<div class=\"elementor-divider\">\n\t\t\t<span class=\"elementor-divider-separator\">\n\t\t\t\t\t\t<\/span>\n\t\t<\/div>\n\t\t\t\t\t\t<\/div>\n\t\t\t\t<\/div>\n\t\t\t\t<div class=\"elementor-element elementor-element-209942ea elementor-widget elementor-widget-text-editor\" data-id=\"209942ea\" data-element_type=\"widget\" data-widget_type=\"text-editor.default\">\n\t\t\t\t<div class=\"elementor-widget-container\">\n\t\t\t\t\t\t\t\t\t<p><span style=\"font-weight: 400;\">Servicio de asesoramiento y acompa\u00f1amiento gratuito a las empresas del territorio para trabajar de forma individual: el an\u00e1lisis, la detecci\u00f3n, el acompa\u00f1amiento y la concreci\u00f3n de un plan de actuaci\u00f3n que definir\u00e1 la hoja de ruta a seguir por la implementaci\u00f3n de nuevos proyectos y procesos empresariales, basados en modelos de econom\u00eda circular.<\/span><\/p><p><span style=\"font-weight: 400;\">Este acompa\u00f1amiento consistir\u00e1 en un m\u00ednimo de 13 horas de tutorizaci\u00f3n por empresa, distribuidas en 4 sesiones de trabajo m\u00e1s una reuni\u00f3n inicial de una hora de duraci\u00f3n.\u00a0<\/span><\/p><p><span style=\"font-weight: 400;\">El n\u00famero estimado de proyectos a asesorar es entre 4 y 5 empresas.<\/span><\/p>\t\t\t\t\t\t\t\t<\/div>\n\t\t\t\t<\/div>\n\t\t\t\t<div class=\"elementor-element elementor-element-3eab71f elementor-widget elementor-widget-text-editor\" data-id=\"3eab71f\" data-element_type=\"widget\" data-widget_type=\"text-editor.default\">\n\t\t\t\t<div class=\"elementor-widget-container\">\n\t\t\t\t\t\t\t\t\t<p><span style=\"font-weight: 400;\">Estas empresas tambi\u00e9n pueden ser grupos de empresas que deseen implementar proyectos compartidos en \u00e1mbitos relacionados con<\/span><\/p><ul><li style=\"font-weight: 400;\"><span style=\"font-weight: 400;\">Ecoinnovaci\u00f3n<\/span><\/li><li style=\"font-weight: 400;\"><span style=\"font-weight: 400;\">Ecodise\u00f1o <\/span><span style=\"font-weight: 400;\">otras iniciativas de la Econom\u00eda circular.<\/span><\/li><\/ul><p>\u00a0<\/p><p><span style=\"font-weight: 400;\">Las 4 sesiones de trabajo con las empresas se desarrollar\u00e1n de la siguiente manera:\u00a0<\/span><\/p><ul><li style=\"font-weight: 400;\"><span style=\"font-weight: 400;\"><strong>Sesi\u00f3n 1<\/strong> (aproximadamente 2 horas de trabajo): Planificaci\u00f3n por el cambio. El objetivo es preparar en la empresa y planificar el trabajo a desarrollar con un calendario de reuniones y tareas a desarrollar. Es la fase donde debe concretarse cu\u00e1les son las personas de la organizaci\u00f3n que participar\u00e1n en las sesiones de trabajo y se definir\u00e1n los objetivos a alcanzar con el proyecto y sus roles.<\/span><\/li><li style=\"font-weight: 400;\"><span style=\"font-weight: 400;\"><strong>Sesi\u00f3n 2<\/strong> (aproximadamente 4 horas de trabajo): An\u00e1lisis interno de la empresa. Conocer el modelo de negocio, sus productos y\/o servicios, puntos fuertes y puntos d\u00e9biles, definici\u00f3n de procesos de producci\u00f3n, costes y materias primas utilizadas, definici\u00f3n del mercado, an\u00e1lisis de proveedores y clientes. Primera aproximaci\u00f3n a oportunidades.<\/span><\/li><li style=\"font-weight: 400;\"><span style=\"font-weight: 400;\"><strong>Sesi\u00f3n 3<\/strong> (aproximadamente 4 horas de trabajo): Tendencias del sector y b\u00fasqueda de oportunidades vinculadas con la econom\u00eda circular. Definici\u00f3n de proyectos potenciales y priorizaci\u00f3n. An\u00e1lisis viabilidad econ\u00f3mica del proyecto.<\/span><\/li><li style=\"font-weight: 400;\"><span style=\"font-weight: 400;\"><strong>Sesi\u00f3n 4<\/strong> (Aproximadamente 3 horas de trabajo): Concreci\u00f3n del proyecto. Hoja de ruta por la implementaci\u00f3n. Tareas a realizar, roles y responsabilidades en el proyecto. Timing y concreci\u00f3n de metas. Seguimiento.<\/span><\/li><\/ul><p>\u00a0<\/p>\t\t\t\t\t\t\t\t<\/div>\n\t\t\t\t<\/div>\n\t\t\t\t\t<\/div>\n\t\t<\/div>\n\t\t\t\t\t<\/div>\n\t\t<\/section>\n\t\t\t\t\t<\/div>\n\t\t<\/div>\n\t\t\t\t\t<\/div>\n\t\t<\/section>\n\t\t\t\t<section class=\"elementor-section elementor-top-section elementor-element elementor-element-9e05bea elementor-section-boxed elementor-section-height-default elementor-section-height-default\" data-id=\"9e05bea\" data-element_type=\"section\">\n\t\t\t\t\t\t<div class=\"elementor-container elementor-column-gap-default\">\n\t\t\t\t\t<div class=\"elementor-column elementor-col-100 elementor-top-column elementor-element elementor-element-1b72ab9\" data-id=\"1b72ab9\" data-element_type=\"column\">\n\t\t\t<div class=\"elementor-widget-wrap elementor-element-populated\">\n\t\t\t\t\t\t<div class=\"elementor-element elementor-element-e53a1ec elementor-align-center elementor-widget elementor-widget-button\" data-id=\"e53a1ec\" data-element_type=\"widget\" data-widget_type=\"button.default\">\n\t\t\t\t<div class=\"elementor-widget-container\">\n\t\t\t\t\t\t\t\t\t<div class=\"elementor-button-wrapper\">\n\t\t\t\t\t<a class=\"elementor-button elementor-button-link elementor-size-sm\" href=\"https:\/\/ecoindustria.net\/es\/apuntat-hi-2\/\">\n\t\t\t\t\t\t<span class=\"elementor-button-content-wrapper\">\n\t\t\t\t\t\t\t\t\t<span class=\"elementor-button-text\">\u00a1Ap\u00fantate!<\/span>\n\t\t\t\t\t<\/span>\n\t\t\t\t\t<\/a>\n\t\t\t\t<\/div>\n\t\t\t\t\t\t\t\t<\/div>\n\t\t\t\t<\/div>\n\t\t\t\t\t<\/div>\n\t\t<\/div>\n\t\t\t\t\t<\/div>\n\t\t<\/section>\n\t\t\t\t<\/div>","protected":false},"excerpt":{"rendered":"<p>Assessorament Servei d\u2019assessorament i acompanyament gratu\u00eft a les empreses del territori per treballar de forma individual: l\u2019an\u00e0lisi, la detecci\u00f3, l\u2019acompanyament i la concreci\u00f3 d\u2019un pla d\u2019actuaci\u00f3 que definir\u00e0 el full de ruta a seguir per la implementaci\u00f3 de nous projectes i processos empresarials, basats en models d\u2019economia circular. Aquest acompanyament consistir\u00e0 en un m\u00ednim de [&hellip;]<\/p>","protected":false},"author":9,"featured_media":0,"parent":0,"menu_order":0,"comment_status":"closed","ping_status":"closed","template":"","meta":{"_acf_changed":false,"footnotes":""},"class_list":["post-7725","page","type-page","status-publish","hentry"],"acf":[],"_links":{"self":[{"href":"https:\/\/ecoindustria.net\/es\/wp-json\/wp\/v2\/pages\/7725","targetHints":{"allow":["GET"]}}],"collection":[{"href":"https:\/\/ecoindustria.net\/es\/wp-json\/wp\/v2\/pages"}],"about":[{"href":"https:\/\/ecoindustria.net\/es\/wp-json\/wp\/v2\/types\/page"}],"author":[{"embeddable":true,"href":"https:\/\/ecoindustria.net\/es\/wp-json\/wp\/v2\/users\/9"}],"replies":[{"embeddable":true,"href":"https:\/\/ecoindustria.net\/es\/wp-json\/wp\/v2\/comments?post=7725"}],"version-history":[{"count":10,"href":"https:\/\/ecoindustria.net\/es\/wp-json\/wp\/v2\/pages\/7725\/revisions"}],"predecessor-version":[{"id":8058,"href":"https:\/\/ecoindustria.net\/es\/wp-json\/wp\/v2\/pages\/7725\/revisions\/8058"}],"wp:attachment":[{"href":"https:\/\/ecoindustria.net\/es\/wp-json\/wp\/v2\/media?parent=7725"}],"curies":[{"name":"wp","href":"https:\/\/api.w.org\/{rel}","templated":true}]}}