{"id":7635,"date":"2020-03-17T12:36:36","date_gmt":"2020-03-17T11:36:36","guid":{"rendered":"https:\/\/ecoindustria.net\/?page_id=7635"},"modified":"2020-03-17T12:37:38","modified_gmt":"2020-03-17T11:37:38","slug":"participants","status":"publish","type":"page","link":"https:\/\/ecoindustria.net\/es\/participants\/","title":{"rendered":"Participantes"},"content":{"rendered":"<div data-elementor-type=\"wp-page\" data-elementor-id=\"7635\" class=\"elementor elementor-7635\" data-elementor-post-type=\"page\">\n\t\t\t\t\t\t<section class=\"elementor-section elementor-top-section elementor-element elementor-element-58ace3c elementor-section-boxed elementor-section-height-default elementor-section-height-default\" data-id=\"58ace3c\" data-element_type=\"section\" data-e-type=\"section\">\n\t\t\t\t\t\t<div class=\"elementor-container elementor-column-gap-default\">\n\t\t\t\t\t<div class=\"elementor-column elementor-col-100 elementor-top-column elementor-element elementor-element-b40762e\" data-id=\"b40762e\" data-element_type=\"column\" data-e-type=\"column\">\n\t\t\t<div class=\"elementor-widget-wrap elementor-element-populated\">\n\t\t\t\t\t\t<div class=\"elementor-element elementor-element-6888790 elementor-widget elementor-widget-heading\" data-id=\"6888790\" data-element_type=\"widget\" data-e-type=\"widget\" data-widget_type=\"heading.default\">\n\t\t\t\t<div class=\"elementor-widget-container\">\n\t\t\t\t\t<h4 class=\"elementor-heading-title elementor-size-default\"><a href=\"http:\/\/ecoindustria.web-prueba.com\/index.php\/agenda\/\">Participantes<\/a><\/h4>\t\t\t\t<\/div>\n\t\t\t\t<\/div>\n\t\t\t\t<div class=\"elementor-element elementor-element-f3f1965 elementor-widget-divider--view-line elementor-widget elementor-widget-divider\" data-id=\"f3f1965\" data-element_type=\"widget\" data-e-type=\"widget\" data-widget_type=\"divider.default\">\n\t\t\t\t<div class=\"elementor-widget-container\">\n\t\t\t\t\t\t\t<div class=\"elementor-divider\">\n\t\t\t<span class=\"elementor-divider-separator\">\n\t\t\t\t\t\t<\/span>\n\t\t<\/div>\n\t\t\t\t\t\t<\/div>\n\t\t\t\t<\/div>\n\t\t\t\t<div class=\"elementor-element elementor-element-9b1b080 elementor-grid-2 elementor-grid-tablet-2 elementor-grid-mobile-1 elementor-posts--thumbnail-top elementor-card-shadow-yes elementor-posts__hover-gradient elementor-widget elementor-widget-posts\" data-id=\"9b1b080\" data-element_type=\"widget\" data-e-type=\"widget\" data-settings=\"{&quot;cards_columns&quot;:&quot;2&quot;,&quot;cards_columns_tablet&quot;:&quot;2&quot;,&quot;cards_columns_mobile&quot;:&quot;1&quot;,&quot;cards_row_gap&quot;:{&quot;unit&quot;:&quot;px&quot;,&quot;size&quot;:35,&quot;sizes&quot;:[]},&quot;cards_row_gap_tablet&quot;:{&quot;unit&quot;:&quot;px&quot;,&quot;size&quot;:&quot;&quot;,&quot;sizes&quot;:[]},&quot;cards_row_gap_mobile&quot;:{&quot;unit&quot;:&quot;px&quot;,&quot;size&quot;:&quot;&quot;,&quot;sizes&quot;:[]}}\" data-widget_type=\"posts.cards\">\n\t\t\t\t<div class=\"elementor-widget-container\">\n\t\t\t\t\t\t\t<div class=\"elementor-posts-container elementor-posts elementor-posts--skin-cards elementor-grid\" role=\"list\">\n\t\t\t\t<article class=\"elementor-post elementor-grid-item post-10038 experincies type-experincies status-publish format-standard has-post-thumbnail hentry\" role=\"listitem\">\n\t\t\t<div class=\"elementor-post__card\">\n\t\t\t\t<a class=\"elementor-post__thumbnail__link\" href=\"https:\/\/ecoindustria.net\/es\/experincies\/diseno-grafico-del-envase\/\" tabindex=\"-1\" ><div class=\"elementor-post__thumbnail\"><img fetchpriority=\"high\" decoding=\"async\" width=\"1024\" height=\"576\" src=\"https:\/\/ecoindustria.net\/wp-content\/uploads\/2026\/04\/dge-santboi.png\" class=\"attachment-full size-full wp-image-10039\" alt=\"\" srcset=\"https:\/\/ecoindustria.net\/wp-content\/uploads\/2026\/04\/dge-santboi.png 1024w, https:\/\/ecoindustria.net\/wp-content\/uploads\/2026\/04\/dge-santboi-900x506.png 900w, https:\/\/ecoindustria.net\/wp-content\/uploads\/2026\/04\/dge-santboi-768x432.png 768w, https:\/\/ecoindustria.net\/wp-content\/uploads\/2026\/04\/dge-santboi-18x10.png 18w\" sizes=\"(max-width: 1024px) 100vw, 1024px\" \/><\/div><\/a>\n\t\t\t\t<div class=\"elementor-post__text\">\n\t\t\t\t<h3 class=\"elementor-post__title\">\n\t\t\t<a href=\"https:\/\/ecoindustria.net\/es\/experincies\/diseno-grafico-del-envase\/\" >\n\t\t\t\tDise\u00f1o Gr\u00e1fico del Envase\t\t\t<\/a>\n\t\t<\/h3>\n\t\t\t\t<div class=\"elementor-post__excerpt\">\n\t\t\t<p>DGE \u00e9s experta en disseny i fabricaci\u00f3 de PLV solucions per al punt de venda. Som una empresa especialitzada en el disseny i fabricaci\u00f3 d&#8217;expositors<\/p>\n\t\t<\/div>\n\t\t\n\t\t<a class=\"elementor-post__read-more\" href=\"https:\/\/ecoindustria.net\/es\/experincies\/diseno-grafico-del-envase\/\" aria-label=\"M\u00e1s informaci\u00f3n sobre Dise\u00f1o Gr\u00e1fico del Envase\" tabindex=\"-1\" >\n\t\t\tVideo \u00bb\t\t<\/a>\n\n\t\t\t\t<\/div>\n\t\t\t\t\t<\/div>\n\t\t<\/article>\n\t\t\t\t<article class=\"elementor-post elementor-grid-item post-10036 experincies type-experincies status-publish format-standard has-post-thumbnail hentry\" role=\"listitem\">\n\t\t\t<div class=\"elementor-post__card\">\n\t\t\t\t<a class=\"elementor-post__thumbnail__link\" href=\"https:\/\/ecoindustria.net\/es\/experincies\/share-to-go\/\" tabindex=\"-1\" ><div class=\"elementor-post__thumbnail\"><img decoding=\"async\" width=\"1024\" height=\"576\" src=\"https:\/\/ecoindustria.net\/wp-content\/uploads\/2026\/04\/sharetogo.png\" class=\"attachment-full size-full wp-image-10037\" alt=\"\" srcset=\"https:\/\/ecoindustria.net\/wp-content\/uploads\/2026\/04\/sharetogo.png 1024w, https:\/\/ecoindustria.net\/wp-content\/uploads\/2026\/04\/sharetogo-900x506.png 900w, https:\/\/ecoindustria.net\/wp-content\/uploads\/2026\/04\/sharetogo-768x432.png 768w, https:\/\/ecoindustria.net\/wp-content\/uploads\/2026\/04\/sharetogo-18x10.png 18w\" sizes=\"(max-width: 1024px) 100vw, 1024px\" \/><\/div><\/a>\n\t\t\t\t<div class=\"elementor-post__text\">\n\t\t\t\t<h3 class=\"elementor-post__title\">\n\t\t\t<a href=\"https:\/\/ecoindustria.net\/es\/experincies\/share-to-go\/\" >\n\t\t\t\tShare to go\t\t\t<\/a>\n\t\t<\/h3>\n\t\t\t\t<div class=\"elementor-post__excerpt\">\n\t\t\t<p>Empresa que aporta solucions per a transformar la mobilitat de les empreses. Solucions de carpooling coorporatiu dissenyades per a les empreses que cerquen reducci\u00f3 de<\/p>\n\t\t<\/div>\n\t\t\n\t\t<a class=\"elementor-post__read-more\" href=\"https:\/\/ecoindustria.net\/es\/experincies\/share-to-go\/\" aria-label=\"M\u00e1s informaci\u00f3n sobre Share to go\" tabindex=\"-1\" >\n\t\t\tVideo \u00bb\t\t<\/a>\n\n\t\t\t\t<\/div>\n\t\t\t\t\t<\/div>\n\t\t<\/article>\n\t\t\t\t<article class=\"elementor-post elementor-grid-item post-10031 experincies type-experincies status-publish format-standard has-post-thumbnail hentry\" role=\"listitem\">\n\t\t\t<div class=\"elementor-post__card\">\n\t\t\t\t<a class=\"elementor-post__thumbnail__link\" href=\"https:\/\/ecoindustria.net\/es\/experincies\/mides\/\" tabindex=\"-1\" ><div class=\"elementor-post__thumbnail\"><img decoding=\"async\" width=\"1024\" height=\"576\" src=\"https:\/\/ecoindustria.net\/wp-content\/uploads\/2026\/04\/mides.png\" class=\"attachment-full size-full wp-image-10032\" alt=\"\" srcset=\"https:\/\/ecoindustria.net\/wp-content\/uploads\/2026\/04\/mides.png 1024w, https:\/\/ecoindustria.net\/wp-content\/uploads\/2026\/04\/mides-900x506.png 900w, https:\/\/ecoindustria.net\/wp-content\/uploads\/2026\/04\/mides-768x432.png 768w, https:\/\/ecoindustria.net\/wp-content\/uploads\/2026\/04\/mides-18x10.png 18w\" sizes=\"(max-width: 1024px) 100vw, 1024px\" \/><\/div><\/a>\n\t\t\t\t<div class=\"elementor-post__text\">\n\t\t\t\t<h3 class=\"elementor-post__title\">\n\t\t\t<a href=\"https:\/\/ecoindustria.net\/es\/experincies\/mides\/\" >\n\t\t\t\tMides\t\t\t<\/a>\n\t\t<\/h3>\n\t\t\t\t<div class=\"elementor-post__excerpt\">\n\t\t\t<p>MIDES neix el 1990, posant a disposici\u00f3 de cada usuari els darrers aven\u00e7os especialitzats en Estacions de Servei, amb productes que s&#8217;adapten perfectament a les<\/p>\n\t\t<\/div>\n\t\t\n\t\t<a class=\"elementor-post__read-more\" href=\"https:\/\/ecoindustria.net\/es\/experincies\/mides\/\" aria-label=\"M\u00e1s informaci\u00f3n sobre Mides\" tabindex=\"-1\" >\n\t\t\tVideo \u00bb\t\t<\/a>\n\n\t\t\t\t<\/div>\n\t\t\t\t\t<\/div>\n\t\t<\/article>\n\t\t\t\t<article class=\"elementor-post elementor-grid-item post-10029 experincies type-experincies status-publish format-standard has-post-thumbnail hentry\" role=\"listitem\">\n\t\t\t<div class=\"elementor-post__card\">\n\t\t\t\t<a class=\"elementor-post__thumbnail__link\" href=\"https:\/\/ecoindustria.net\/es\/experincies\/ceilhit\/\" tabindex=\"-1\" ><div class=\"elementor-post__thumbnail\"><img loading=\"lazy\" decoding=\"async\" width=\"1024\" height=\"576\" src=\"https:\/\/ecoindustria.net\/wp-content\/uploads\/2026\/04\/ceilhit.png\" class=\"attachment-full size-full wp-image-10030\" alt=\"\" srcset=\"https:\/\/ecoindustria.net\/wp-content\/uploads\/2026\/04\/ceilhit.png 1024w, https:\/\/ecoindustria.net\/wp-content\/uploads\/2026\/04\/ceilhit-900x506.png 900w, https:\/\/ecoindustria.net\/wp-content\/uploads\/2026\/04\/ceilhit-768x432.png 768w, https:\/\/ecoindustria.net\/wp-content\/uploads\/2026\/04\/ceilhit-18x10.png 18w\" sizes=\"(max-width: 1024px) 100vw, 1024px\" \/><\/div><\/a>\n\t\t\t\t<div class=\"elementor-post__text\">\n\t\t\t\t<h3 class=\"elementor-post__title\">\n\t\t\t<a href=\"https:\/\/ecoindustria.net\/es\/experincies\/ceilhit\/\" >\n\t\t\t\tCEILHIT\t\t\t<\/a>\n\t\t<\/h3>\n\t\t\t\t<div class=\"elementor-post__excerpt\">\n\t\t\t<p>A Ceilhit portem des de 1975 sent pioners en fabricaci\u00f3 de cable calefactor per a terra radiant a Espanya. Com a part del grup Fenix,<\/p>\n\t\t<\/div>\n\t\t\n\t\t<a class=\"elementor-post__read-more\" href=\"https:\/\/ecoindustria.net\/es\/experincies\/ceilhit\/\" aria-label=\"M\u00e1s informaci\u00f3n sobre CEILHIT\" tabindex=\"-1\" >\n\t\t\tVideo \u00bb\t\t<\/a>\n\n\t\t\t\t<\/div>\n\t\t\t\t\t<\/div>\n\t\t<\/article>\n\t\t\t\t<article class=\"elementor-post elementor-grid-item post-9985 experincies type-experincies status-publish format-standard has-post-thumbnail hentry\" role=\"listitem\">\n\t\t\t<div class=\"elementor-post__card\">\n\t\t\t\t<a class=\"elementor-post__thumbnail__link\" href=\"https:\/\/ecoindustria.net\/es\/experincies\/tsunami-carwash\/\" tabindex=\"-1\" ><div class=\"elementor-post__thumbnail\"><img loading=\"lazy\" decoding=\"async\" width=\"1024\" height=\"576\" src=\"https:\/\/ecoindustria.net\/wp-content\/uploads\/2025\/11\/tsunami-carwash.jpg\" class=\"attachment-full size-full wp-image-9986\" alt=\"\" srcset=\"https:\/\/ecoindustria.net\/wp-content\/uploads\/2025\/11\/tsunami-carwash.jpg 1024w, https:\/\/ecoindustria.net\/wp-content\/uploads\/2025\/11\/tsunami-carwash-900x506.jpg 900w, https:\/\/ecoindustria.net\/wp-content\/uploads\/2025\/11\/tsunami-carwash-768x432.jpg 768w, https:\/\/ecoindustria.net\/wp-content\/uploads\/2025\/11\/tsunami-carwash-18x10.jpg 18w\" sizes=\"(max-width: 1024px) 100vw, 1024px\" \/><\/div><\/a>\n\t\t\t\t<div class=\"elementor-post__text\">\n\t\t\t\t<h3 class=\"elementor-post__title\">\n\t\t\t<a href=\"https:\/\/ecoindustria.net\/es\/experincies\/tsunami-carwash\/\" >\n\t\t\t\tTSUNAMI CARWASH\t\t\t<\/a>\n\t\t<\/h3>\n\t\t\t\t<div class=\"elementor-post__excerpt\">\n\t\t\t<p>Tsunami Car Wash, situat a l&#8217;Avinguda Segle XXI, 79 de Sant Boi de Llobregat, \u00e9s un centre especialitzat en el rentat i la neteja de<\/p>\n\t\t<\/div>\n\t\t\n\t\t<a class=\"elementor-post__read-more\" href=\"https:\/\/ecoindustria.net\/es\/experincies\/tsunami-carwash\/\" aria-label=\"M\u00e1s informaci\u00f3n sobre TSUNAMI CARWASH\" tabindex=\"-1\" >\n\t\t\tVideo \u00bb\t\t<\/a>\n\n\t\t\t\t<\/div>\n\t\t\t\t\t<\/div>\n\t\t<\/article>\n\t\t\t\t<article class=\"elementor-post elementor-grid-item post-9981 experincies type-experincies status-publish format-standard has-post-thumbnail hentry\" role=\"listitem\">\n\t\t\t<div class=\"elementor-post__card\">\n\t\t\t\t<a class=\"elementor-post__thumbnail__link\" href=\"https:\/\/ecoindustria.net\/es\/experincies\/grupo-tgt\/\" tabindex=\"-1\" ><div class=\"elementor-post__thumbnail\"><img loading=\"lazy\" decoding=\"async\" width=\"1024\" height=\"576\" src=\"https:\/\/ecoindustria.net\/wp-content\/uploads\/2025\/11\/tgt-viladecans.jpg\" class=\"attachment-full size-full wp-image-9982\" alt=\"\" srcset=\"https:\/\/ecoindustria.net\/wp-content\/uploads\/2025\/11\/tgt-viladecans.jpg 1024w, https:\/\/ecoindustria.net\/wp-content\/uploads\/2025\/11\/tgt-viladecans-900x506.jpg 900w, https:\/\/ecoindustria.net\/wp-content\/uploads\/2025\/11\/tgt-viladecans-768x432.jpg 768w, https:\/\/ecoindustria.net\/wp-content\/uploads\/2025\/11\/tgt-viladecans-18x10.jpg 18w\" sizes=\"(max-width: 1024px) 100vw, 1024px\" \/><\/div><\/a>\n\t\t\t\t<div class=\"elementor-post__text\">\n\t\t\t\t<h3 class=\"elementor-post__title\">\n\t\t\t<a href=\"https:\/\/ecoindustria.net\/es\/experincies\/grupo-tgt\/\" >\n\t\t\t\tGrupo TGT\t\t\t<\/a>\n\t\t<\/h3>\n\t\t\t\t<div class=\"elementor-post__excerpt\">\n\t\t\t<p>Ecoind\u00fastria, un projecte impulsat pels ajuntaments de Viladecans, Gav\u00e0, Castelldefels, el Prat de Llobregat i Sant Boi de Llobregat, amb la col\u00b7laboraci\u00f3 de la Diputaci\u00f3<\/p>\n\t\t<\/div>\n\t\t\n\t\t<a class=\"elementor-post__read-more\" href=\"https:\/\/ecoindustria.net\/es\/experincies\/grupo-tgt\/\" aria-label=\"M\u00e1s informaci\u00f3n sobre Grupo TGT\" tabindex=\"-1\" >\n\t\t\tVideo \u00bb\t\t<\/a>\n\n\t\t\t\t<\/div>\n\t\t\t\t\t<\/div>\n\t\t<\/article>\n\t\t\t\t<\/div>\n\t\t\n\t\t\t\t\t\t<\/div>\n\t\t\t\t<\/div>\n\t\t\t\t\t<\/div>\n\t\t<\/div>\n\t\t\t\t\t<\/div>\n\t\t<\/section>\n\t\t\t\t<\/div>","protected":false},"excerpt":{"rendered":"<p>Participantes<\/p>","protected":false},"author":9,"featured_media":0,"parent":0,"menu_order":0,"comment_status":"closed","ping_status":"closed","template":"","meta":{"_acf_changed":false,"footnotes":""},"class_list":["post-7635","page","type-page","status-publish","hentry"],"acf":[],"_links":{"self":[{"href":"https:\/\/ecoindustria.net\/es\/wp-json\/wp\/v2\/pages\/7635","targetHints":{"allow":["GET"]}}],"collection":[{"href":"https:\/\/ecoindustria.net\/es\/wp-json\/wp\/v2\/pages"}],"about":[{"href":"https:\/\/ecoindustria.net\/es\/wp-json\/wp\/v2\/types\/page"}],"author":[{"embeddable":true,"href":"https:\/\/ecoindustria.net\/es\/wp-json\/wp\/v2\/users\/9"}],"replies":[{"embeddable":true,"href":"https:\/\/ecoindustria.net\/es\/wp-json\/wp\/v2\/comments?post=7635"}],"version-history":[{"count":3,"href":"https:\/\/ecoindustria.net\/es\/wp-json\/wp\/v2\/pages\/7635\/revisions"}],"predecessor-version":[{"id":7638,"href":"https:\/\/ecoindustria.net\/es\/wp-json\/wp\/v2\/pages\/7635\/revisions\/7638"}],"wp:attachment":[{"href":"https:\/\/ecoindustria.net\/es\/wp-json\/wp\/v2\/media?parent=7635"}],"curies":[{"name":"wp","href":"https:\/\/api.w.org\/{rel}","templated":true}]}}