{"id":6063,"date":"2017-04-20T08:00:05","date_gmt":"2017-04-20T07:00:05","guid":{"rendered":"https:\/\/ecoindustria.net\/?page_id=6063"},"modified":"2017-06-02T12:29:00","modified_gmt":"2017-06-02T11:29:00","slug":"subvencions-de-la-agencia-de-residus","status":"publish","type":"page","link":"https:\/\/ecoindustria.net\/es\/subvencions-de-la-agencia-de-residus\/","title":{"rendered":"Subvenciones de la Agencia de Residuos"},"content":{"rendered":"<p>La Agencia de residuos ha publicado las dos convocatorias que tiene destinadas a subvencionar a empresas: la<strong>ejecuci\u00f3n de proyectos de prevenci\u00f3n de residuos industriales y fomento de la econom\u00eda circular.<\/strong><\/p>\n<p><strong>\u00bfA qui\u00e9n va dirigido?<\/strong><br \/>\nLas empresas o agrupaciones de empresas que tengan al menos un establecimiento operativo ubicado en Catalu\u00f1a y las asociaciones de empresas que tengan el establecimiento operativo en Catalu\u00f1a.<\/p>\n<p><strong>Ayudas para proyectos de prevenci\u00f3n, preparaci\u00f3n para la reutilizaci\u00f3n y reciclaje de residuos industriales (Agencia de Residuos de Catalu\u00f1a).<\/strong><\/p>\n<p>La finalidad principal es el fomento de la ejecuci\u00f3n de proyectos de prevenci\u00f3n, de preparaci\u00f3n para la reutilizaci\u00f3n y reciclaje de residuos industriales y proyectos de investigaci\u00f3n industrial y desarrollo experimental aplicados al campo de la prevenci\u00f3n, de la preparaci\u00f3n para la reutilizaci\u00f3n y del reciclaje de residuos industriales.<\/p>\n<p><strong>Beneficiarios:<\/strong> Empresas y agrupaciones de empresas con establecimiento productivo en Catalu\u00f1a.<br \/>\n<strong>Cuant\u00eda<\/strong>: M\u00e1ximo: 120.000 \u20ac en caso de proyectos que reduzcan o incorporen material reciclado procedente de residuos peligrosos; 100.000\u20ac por residuos no peligrosos.<br \/>\n<strong>Subcontrataci\u00f3n permitida<\/strong>: m\u00e1x. el 50%<\/p>\n<p><strong>Termo<\/strong><strong>ini de solicitudes<\/strong>: hasta el 31 de mayo de 2017.<\/p>\n<p><a href=\"http:\/\/portaldogc.gencat.cat\/utilsEADOP\/PDF\/7341\/1601116.pdf\" target=\"_blank\" rel=\"noopener noreferrer\">Enlace a la convocatoria<\/a><\/p>\n<p><strong>Ayudas para proyectos de fomento de la econom\u00eda circular (Agencia de Residuos de Catalu\u00f1a).<\/strong><\/p>\n<p>El objeto de la ayuda es el fomento de proyectos para la aceleraci\u00f3n de la transici\u00f3n hacia una econom\u00eda circular en Catalu\u00f1a, mejorando la eficiencia en el uso de los recursos materiales y desacoplando el desarrollo econ\u00f3mico global del consumo de recursos.<\/p>\n<p>Pueden ser objeto de subvenci\u00f3n los siguientes proyectos:<\/p>\n<p><strong>Clase A<\/strong>. Proyectos de implementaci\u00f3n en el mercado de nuevos productos o servicios<br \/>\n<strong>Clase B<\/strong>. Estudios de obtenci\u00f3n y testaje de prototipos o proyectos de demostraci\u00f3n de nuevos productos o servicios.<\/p>\n<p>Los proyectos pueden ser sobre las siguientes categor\u00edas:<\/p>\n<p>1. Ecodise\u00f1o de productos o servicios que promueva una prevenci\u00f3n de residuos a lo largo del ciclo de vida.<br \/>\n2. Reutilizaci\u00f3n de productos.<br \/>\n3. Servicios de retorno de productos usados impulsados por el distribuidor o fabricante de estos productos, con el fin de reutilizarlos, remanufacturarlos o reciclarlos (take-back schemes).<br \/>\n4. Simbiosis industrial que promueva la eficiencia de los recursos materiales distintos al agua.<br \/>\n5. Nuevas aplicaciones de materiales reciclados.<br \/>\n6. Nuevos procesos o tecnolog\u00edas que permitan valorizar residuos que actualmente no se est\u00e1n valorizando, o que aumenten el rendimiento y\/o la calidad de operaciones existentes de valorizaci\u00f3n de residuos de terceros.<br \/>\n7. Miner\u00eda de vertederos para la recuperaci\u00f3n de materiales.<\/p>\n<p><strong>Plazo de solicitudes<\/strong>: hasta el 26 de junio de 2017.<\/p>\n<p><a href=\"http:\/\/portaldogc.gencat.cat\/utilsEADOP\/PDF\/7352\/1604908.pdf\" target=\"_blank\" rel=\"noopener noreferrer\">Enlace a la convocatoria<\/a><\/p>","protected":false},"excerpt":{"rendered":"<p>L&#8217;Agencia de residus ha publicat les dues convocat\u00f2ries que t\u00e9 destinades a subvencionar a empreses: l&#8217;execuci\u00f3 de projectes de prevenci\u00f3 de residus industrials i de foment de l&#8217;economia circular. A qui va dirigit? Les empreses o agrupacions d&#8217;empreses que tinguin almenys un establiment operatiu ubicat a Catalunya i les associacions d&#8217;empreses que tinguin l&#8217;establiment operatiu [&hellip;]<\/p>","protected":false},"author":1,"featured_media":6065,"parent":0,"menu_order":0,"comment_status":"closed","ping_status":"closed","template":"","meta":{"_acf_changed":false,"footnotes":""},"class_list":["post-6063","page","type-page","status-publish","has-post-thumbnail","hentry"],"acf":[],"_links":{"self":[{"href":"https:\/\/ecoindustria.net\/es\/wp-json\/wp\/v2\/pages\/6063","targetHints":{"allow":["GET"]}}],"collection":[{"href":"https:\/\/ecoindustria.net\/es\/wp-json\/wp\/v2\/pages"}],"about":[{"href":"https:\/\/ecoindustria.net\/es\/wp-json\/wp\/v2\/types\/page"}],"author":[{"embeddable":true,"href":"https:\/\/ecoindustria.net\/es\/wp-json\/wp\/v2\/users\/1"}],"replies":[{"embeddable":true,"href":"https:\/\/ecoindustria.net\/es\/wp-json\/wp\/v2\/comments?post=6063"}],"version-history":[{"count":2,"href":"https:\/\/ecoindustria.net\/es\/wp-json\/wp\/v2\/pages\/6063\/revisions"}],"predecessor-version":[{"id":6067,"href":"https:\/\/ecoindustria.net\/es\/wp-json\/wp\/v2\/pages\/6063\/revisions\/6067"}],"wp:featuredmedia":[{"embeddable":true,"href":"https:\/\/ecoindustria.net\/es\/wp-json\/wp\/v2\/media\/6065"}],"wp:attachment":[{"href":"https:\/\/ecoindustria.net\/es\/wp-json\/wp\/v2\/media?parent=6063"}],"curies":[{"name":"wp","href":"https:\/\/api.w.org\/{rel}","templated":true}]}}