{"id":2,"date":"2017-04-07T15:23:06","date_gmt":"2017-04-07T14:23:06","guid":{"rendered":"https:\/\/ecoindustria.net\/?page_id=2"},"modified":"2021-11-05T11:27:23","modified_gmt":"2021-11-05T10:27:23","slug":"qui-som","status":"publish","type":"page","link":"https:\/\/ecoindustria.net\/es\/qui-som\/","title":{"rendered":"Qui\u00e9nes somos"},"content":{"rendered":"<div data-elementor-type=\"wp-page\" data-elementor-id=\"2\" class=\"elementor elementor-2\" data-elementor-post-type=\"page\">\n\t\t\t\t\t\t<section class=\"elementor-section elementor-top-section elementor-element elementor-element-8cb8405 elementor-section-full_width elementor-section-height-default elementor-section-height-default\" data-id=\"8cb8405\" data-element_type=\"section\" data-settings=\"{&quot;background_background&quot;:&quot;classic&quot;}\">\n\t\t\t\t\t\t\t<div class=\"elementor-background-overlay\"><\/div>\n\t\t\t\t\t\t\t<div class=\"elementor-container elementor-column-gap-no\">\n\t\t\t\t\t<div class=\"elementor-column elementor-col-100 elementor-top-column elementor-element elementor-element-3dc06e9\" data-id=\"3dc06e9\" data-element_type=\"column\">\n\t\t\t<div class=\"elementor-widget-wrap elementor-element-populated\">\n\t\t\t\t\t\t<div class=\"elementor-element elementor-element-7aa1b8d elementor-widget elementor-widget-spacer\" data-id=\"7aa1b8d\" data-element_type=\"widget\" data-widget_type=\"spacer.default\">\n\t\t\t\t<div class=\"elementor-widget-container\">\n\t\t\t\t\t\t\t<div class=\"elementor-spacer\">\n\t\t\t<div class=\"elementor-spacer-inner\"><\/div>\n\t\t<\/div>\n\t\t\t\t\t\t<\/div>\n\t\t\t\t<\/div>\n\t\t\t\t\t<\/div>\n\t\t<\/div>\n\t\t\t\t\t<\/div>\n\t\t<\/section>\n\t\t\t\t<section class=\"elementor-section elementor-top-section elementor-element elementor-element-4378f861 elementor-section-content-middle elementor-section-stretched elementor-section-full_width elementor-section-height-default elementor-section-height-default\" data-id=\"4378f861\" data-element_type=\"section\" data-settings=\"{&quot;background_background&quot;:&quot;classic&quot;,&quot;stretch_section&quot;:&quot;section-stretched&quot;}\">\n\t\t\t\t\t\t<div class=\"elementor-container elementor-column-gap-no\">\n\t\t\t\t\t<div class=\"elementor-column elementor-col-100 elementor-top-column elementor-element elementor-element-3ef3a11\" data-id=\"3ef3a11\" data-element_type=\"column\" data-settings=\"{&quot;background_background&quot;:&quot;classic&quot;}\">\n\t\t\t<div class=\"elementor-widget-wrap elementor-element-populated\">\n\t\t\t\t\t\t<section class=\"elementor-section elementor-inner-section elementor-element elementor-element-129e8d09 elementor-section-boxed elementor-section-height-default elementor-section-height-default\" data-id=\"129e8d09\" data-element_type=\"section\">\n\t\t\t\t\t\t<div class=\"elementor-container elementor-column-gap-wider\">\n\t\t\t\t\t<div class=\"elementor-column elementor-col-100 elementor-inner-column elementor-element elementor-element-24f410c8\" data-id=\"24f410c8\" data-element_type=\"column\" data-settings=\"{&quot;background_background&quot;:&quot;classic&quot;}\">\n\t\t\t<div class=\"elementor-widget-wrap elementor-element-populated\">\n\t\t\t\t\t\t<div class=\"elementor-element elementor-element-32c84ff7 elementor-invisible elementor-widget elementor-widget-heading\" data-id=\"32c84ff7\" data-element_type=\"widget\" data-settings=\"{&quot;_animation&quot;:&quot;fadeIn&quot;}\" data-widget_type=\"heading.default\">\n\t\t\t\t<div class=\"elementor-widget-container\">\n\t\t\t\t\t<h2 class=\"elementor-heading-title elementor-size-xxl\">Qui\u00e9nes Somos<\/h2>\t\t\t\t<\/div>\n\t\t\t\t<\/div>\n\t\t\t\t<div class=\"elementor-element elementor-element-63573125 elementor-widget-divider--view-line elementor-invisible elementor-widget elementor-widget-divider\" data-id=\"63573125\" data-element_type=\"widget\" data-settings=\"{&quot;_animation&quot;:&quot;fadeInUp&quot;}\" data-widget_type=\"divider.default\">\n\t\t\t\t<div class=\"elementor-widget-container\">\n\t\t\t\t\t\t\t<div class=\"elementor-divider\">\n\t\t\t<span class=\"elementor-divider-separator\">\n\t\t\t\t\t\t<\/span>\n\t\t<\/div>\n\t\t\t\t\t\t<\/div>\n\t\t\t\t<\/div>\n\t\t\t\t<div class=\"elementor-element elementor-element-209942ea elementor-widget elementor-widget-text-editor\" data-id=\"209942ea\" data-element_type=\"widget\" data-widget_type=\"text-editor.default\">\n\t\t\t\t<div class=\"elementor-widget-container\">\n\t\t\t\t\t\t\t\t\t<p>Los ayuntamientos de Viladecans, Gav\u00e0, Castelldefels, El Prat de Llobregat y Sant Boi de Llobregat, junto con la Diputaci\u00f3n de Barcelona y el \u00c1rea Metropolitana de Barcelona, impulsan este proyecto que invita a las empresas a iniciar un proceso de transformaci\u00f3n hacia el econom\u00eda circular y la simbiosis industrial.<\/p><p>Hoy en d\u00eda la volatilidad en los precios de las materias primas, el riesgo en las cadenas de suministro, el agotamiento de determinados recursos, as\u00ed como las normativas cada vez m\u00e1s estrictas provenientes de Europa (consciente del riesgo de que la UE importe 6 veces m\u00e1s de lo que exporta) son factores que han dado la voz de alerta a l\u00edderes empresariales y responsables pol\u00edticos sobre la necesidad de aprovechar y repensar la utilizaci\u00f3n de los recursos y la energ\u00eda.<\/p><p>Este nuevo modelo no es un modelo te\u00f3rico, es un proyecto cuya orientaci\u00f3n econ\u00f3mica busca a\u00f1adir valor a las empresas participantes. Todas las empresas del territorio, independientemente de su tama\u00f1o y actividad, pueden tener una gran oportunidad si realmente tienen la voluntad de hacer las cosas mejor y distinta.<\/p><p>Los promotores de esta iniciativa quieren ayudar a las empresas que todav\u00eda no est\u00e9n en este camino y quieran iniciarse, acerc\u00e1ndoles ideas y herramientas sobre la mejor forma dar los primeros pasos hacia esta transformaci\u00f3n.<\/p><p>Asimismo, quieren seguir aportando valor y apoyo a aquellas empresas que ya han empezando movi\u00e9ndose en la econom\u00eda circular con proyectos e inter\u00e9s por la sostenibilidad industrial.<\/p>\t\t\t\t\t\t\t\t<\/div>\n\t\t\t\t<\/div>\n\t\t\t\t\t<\/div>\n\t\t<\/div>\n\t\t\t\t\t<\/div>\n\t\t<\/section>\n\t\t\t\t\t<\/div>\n\t\t<\/div>\n\t\t\t\t\t<\/div>\n\t\t<\/section>\n\t\t\t\t<\/div>","protected":false},"excerpt":{"rendered":"<p>Qui\u00e9nes Somos Los ayuntamientos de Viladecans, Gav\u00e0, Castelldefels, El Prat de Llobregat y Sant Boi de Llobregat, junto con la Diputaci\u00f3n de Barcelona y el \u00c1rea Metropolitana de Barcelona, impulsan este proyecto que invita a las empresas a iniciar un proceso de transformaci\u00f3n hacia la econom\u00eda circular y la simbiosis industrial. Hoy en d\u00eda la volatilidad en [\u2026]<\/p>","protected":false},"author":1,"featured_media":0,"parent":0,"menu_order":0,"comment_status":"closed","ping_status":"open","template":"","meta":{"_acf_changed":false,"footnotes":""},"class_list":["post-2","page","type-page","status-publish","hentry"],"acf":[],"_links":{"self":[{"href":"https:\/\/ecoindustria.net\/es\/wp-json\/wp\/v2\/pages\/2","targetHints":{"allow":["GET"]}}],"collection":[{"href":"https:\/\/ecoindustria.net\/es\/wp-json\/wp\/v2\/pages"}],"about":[{"href":"https:\/\/ecoindustria.net\/es\/wp-json\/wp\/v2\/types\/page"}],"author":[{"embeddable":true,"href":"https:\/\/ecoindustria.net\/es\/wp-json\/wp\/v2\/users\/1"}],"replies":[{"embeddable":true,"href":"https:\/\/ecoindustria.net\/es\/wp-json\/wp\/v2\/comments?post=2"}],"version-history":[{"count":11,"href":"https:\/\/ecoindustria.net\/es\/wp-json\/wp\/v2\/pages\/2\/revisions"}],"predecessor-version":[{"id":8238,"href":"https:\/\/ecoindustria.net\/es\/wp-json\/wp\/v2\/pages\/2\/revisions\/8238"}],"wp:attachment":[{"href":"https:\/\/ecoindustria.net\/es\/wp-json\/wp\/v2\/media?parent=2"}],"curies":[{"name":"wp","href":"https:\/\/api.w.org\/{rel}","templated":true}]}}