{"id":7914,"date":"2020-12-28T10:51:44","date_gmt":"2020-12-28T09:51:44","guid":{"rendered":"https:\/\/ecoindustria.net\/?page_id=7914"},"modified":"2021-01-19T08:39:01","modified_gmt":"2021-01-19T07:39:01","slug":"jornada-14-gener","status":"publish","type":"page","link":"https:\/\/ecoindustria.net\/en\/jornada-14-gener\/","title":{"rendered":"Jornada 14 gener"},"content":{"rendered":"<div data-elementor-type=\"wp-page\" data-elementor-id=\"7914\" class=\"elementor elementor-7914\" data-elementor-post-type=\"page\">\n\t\t\t\t\t\t<section class=\"elementor-section elementor-top-section elementor-element elementor-element-ed12e41 elementor-section-height-min-height elementor-section-boxed elementor-section-height-default elementor-section-items-middle\" data-id=\"ed12e41\" data-element_type=\"section\" data-settings=\"{&quot;background_background&quot;:&quot;classic&quot;}\">\n\t\t\t\t\t\t<div class=\"elementor-container elementor-column-gap-default\">\n\t\t\t\t\t<div class=\"elementor-column elementor-col-100 elementor-top-column elementor-element elementor-element-efcb8b3\" data-id=\"efcb8b3\" data-element_type=\"column\">\n\t\t\t<div class=\"elementor-widget-wrap elementor-element-populated\">\n\t\t\t\t\t\t<section class=\"elementor-section elementor-inner-section elementor-element elementor-element-1234902 elementor-section-boxed elementor-section-height-default elementor-section-height-default\" data-id=\"1234902\" data-element_type=\"section\">\n\t\t\t\t\t\t<div class=\"elementor-container elementor-column-gap-default\">\n\t\t\t\t\t<div class=\"elementor-column elementor-col-100 elementor-inner-column elementor-element elementor-element-9b4f78c\" data-id=\"9b4f78c\" data-element_type=\"column\">\n\t\t\t<div class=\"elementor-widget-wrap elementor-element-populated\">\n\t\t\t\t\t\t<div class=\"elementor-element elementor-element-76eb3df elementor-widget elementor-widget-heading\" data-id=\"76eb3df\" data-element_type=\"widget\" data-widget_type=\"heading.default\">\n\t\t\t\t<div class=\"elementor-widget-container\">\n\t\t\t\t\t<h2 class=\"elementor-heading-title elementor-size-default\">Online conference<\/h2>\t\t\t\t<\/div>\n\t\t\t\t<\/div>\n\t\t\t\t<div class=\"elementor-element elementor-element-20e9679 elementor-widget elementor-widget-heading\" data-id=\"20e9679\" data-element_type=\"widget\" data-widget_type=\"heading.default\">\n\t\t\t\t<div class=\"elementor-widget-container\">\n\t\t\t\t\t<h2 class=\"elementor-heading-title elementor-size-default\">From vision to action. Solutions to move forward together in the circular economy<\/h2>\t\t\t\t<\/div>\n\t\t\t\t<\/div>\n\t\t\t\t\t<\/div>\n\t\t<\/div>\n\t\t\t\t\t<\/div>\n\t\t<\/section>\n\t\t\t\t\t<\/div>\n\t\t<\/div>\n\t\t\t\t\t<\/div>\n\t\t<\/section>\n\t\t\t\t<section class=\"elementor-section elementor-top-section elementor-element elementor-element-8be6e8a elementor-section-boxed elementor-section-height-default elementor-section-height-default\" data-id=\"8be6e8a\" data-element_type=\"section\">\n\t\t\t\t\t\t<div class=\"elementor-container elementor-column-gap-default\">\n\t\t\t\t\t<div class=\"elementor-column elementor-col-100 elementor-top-column elementor-element elementor-element-1066f2c\" data-id=\"1066f2c\" data-element_type=\"column\">\n\t\t\t<div class=\"elementor-widget-wrap elementor-element-populated\">\n\t\t\t\t\t\t<section class=\"elementor-section elementor-inner-section elementor-element elementor-element-a2b4607 elementor-section-boxed elementor-section-height-default elementor-section-height-default\" data-id=\"a2b4607\" data-element_type=\"section\">\n\t\t\t\t\t\t<div class=\"elementor-container elementor-column-gap-default\">\n\t\t\t\t\t<div class=\"elementor-column elementor-col-50 elementor-inner-column elementor-element elementor-element-465aade\" data-id=\"465aade\" data-element_type=\"column\">\n\t\t\t<div class=\"elementor-widget-wrap elementor-element-populated\">\n\t\t\t\t\t\t<div class=\"elementor-element elementor-element-496f7cf elementor-widget elementor-widget-image\" data-id=\"496f7cf\" data-element_type=\"widget\" data-widget_type=\"image.default\">\n\t\t\t\t<div class=\"elementor-widget-container\">\n\t\t\t\t\t\t\t\t\t\t\t\t\t\t\t<img fetchpriority=\"high\" decoding=\"async\" width=\"800\" height=\"508\" src=\"https:\/\/ecoindustria.net\/wp-content\/uploads\/2020\/12\/web-segona-jornada-1024x650.jpg\" class=\"attachment-large size-large wp-image-7912\" alt=\"\" srcset=\"https:\/\/ecoindustria.net\/wp-content\/uploads\/2020\/12\/web-segona-jornada-1024x650.jpg 1024w, https:\/\/ecoindustria.net\/wp-content\/uploads\/2020\/12\/web-segona-jornada-300x190.jpg 300w, https:\/\/ecoindustria.net\/wp-content\/uploads\/2020\/12\/web-segona-jornada-768x487.jpg 768w, https:\/\/ecoindustria.net\/wp-content\/uploads\/2020\/12\/web-segona-jornada-16x10.jpg 16w, https:\/\/ecoindustria.net\/wp-content\/uploads\/2020\/12\/web-segona-jornada-150x95.jpg 150w, https:\/\/ecoindustria.net\/wp-content\/uploads\/2020\/12\/web-segona-jornada-500x317.jpg 500w, https:\/\/ecoindustria.net\/wp-content\/uploads\/2020\/12\/web-segona-jornada.jpg 1160w\" sizes=\"(max-width: 800px) 100vw, 800px\" \/>\t\t\t\t\t\t\t\t\t\t\t\t\t\t\t<\/div>\n\t\t\t\t<\/div>\n\t\t\t\t<div class=\"elementor-element elementor-element-5b70169 elementor-widget elementor-widget-video\" data-id=\"5b70169\" data-element_type=\"widget\" data-settings=\"{&quot;youtube_url&quot;:&quot;https:\\\/\\\/youtu.be\\\/NstmxQgk_LY&quot;,&quot;video_type&quot;:&quot;youtube&quot;,&quot;controls&quot;:&quot;yes&quot;}\" data-widget_type=\"video.default\">\n\t\t\t\t<div class=\"elementor-widget-container\">\n\t\t\t\t\t\t\t<div class=\"elementor-wrapper elementor-open-inline\">\n\t\t\t<div class=\"elementor-video\"><\/div>\t\t<\/div>\n\t\t\t\t\t\t<\/div>\n\t\t\t\t<\/div>\n\t\t\t\t<div class=\"elementor-element elementor-element-96cb44e elementor-widget elementor-widget-text-editor\" data-id=\"96cb44e\" data-element_type=\"widget\" data-widget_type=\"text-editor.default\">\n\t\t\t\t<div class=\"elementor-widget-container\">\n\t\t\t\t\t\t\t\t\t<h4>From vision to action. Solutions to move forward together in the circular economy<br \/>Online session \u2013 January 14<\/h4><p><strong>Program<\/strong>:<\/p><p><b>12:00 p.m. Welcome, start of the session.<\/b><\/p><p><b>12.05 p.m. Presentation of good business practices:<\/b><\/p><ul><li>Ms. Sea Mulero, \u00a0<i>Regulatory Affairs Technician<\/i>\u00a0of Lluch Essence. El Prat de Llobregat<\/li><li>Mr. Daniel Camps, <i>HSE Specialist<\/i>\u00a0by J. Juan. Gave<\/li><li>Mr. Xavier Ribas, <i>manager<\/i>\u00a0from Evarm. Sant Boi de Llobregat<\/li><li>Mr. Alfonso Martos,<em>\u00a0CEO management\u00a0<\/em>\u00a0of GACEL CONSORTIUM, SL. Villadecans<\/li><\/ul><div class=\"yj6qo ajU\"><div id=\":ru\" class=\"ajR\" tabindex=\"0\" role=\"button\" aria-label=\"Hide expanded content\" aria-expanded=\"true\" data-tooltip=\"Ocultar contenido ampliado\"><img decoding=\"async\" class=\"ajT\" src=\"https:\/\/ssl.gstatic.com\/ui\/v1\/icons\/mail\/images\/cleardot.gif\" \/><\/div><\/div><div class=\"adL\"><div class=\"im\"><p><b>12.25 pm Participatory workshop: debate and conversations<\/b><\/p><ul><li>Solutions to move forward together in the circular economy<br \/>Energized by the ecoindustria and Imfusio team<\/li><\/ul><\/div><\/div><p>\u00a0<\/p><p><b>2 pm End of the session<\/b><\/p>\t\t\t\t\t\t\t\t<\/div>\n\t\t\t\t<\/div>\n\t\t\t\t\t<\/div>\n\t\t<\/div>\n\t\t\t\t<div class=\"elementor-column elementor-col-50 elementor-inner-column elementor-element elementor-element-a8e7ecf\" data-id=\"a8e7ecf\" data-element_type=\"column\">\n\t\t\t<div class=\"elementor-widget-wrap elementor-element-populated\">\n\t\t\t\t\t\t<div class=\"elementor-element elementor-element-3977560 elementor-widget elementor-widget-text-editor\" data-id=\"3977560\" data-element_type=\"widget\" data-widget_type=\"text-editor.default\">\n\t\t\t\t<div class=\"elementor-widget-container\">\n\t\t\t\t\t\t\t\t\t<ul><li><strong>Date: <\/strong>January 14, 2021<\/li><li><strong>Time: <\/strong>12:00 p.m. \u2013 2:00 p.m<\/li><\/ul>\t\t\t\t\t\t\t\t<\/div>\n\t\t\t\t<\/div>\n\t\t\t\t\t<\/div>\n\t\t<\/div>\n\t\t\t\t\t<\/div>\n\t\t<\/section>\n\t\t\t\t<div class=\"elementor-element elementor-element-ff5bb7c elementor-widget elementor-widget-spacer\" data-id=\"ff5bb7c\" data-element_type=\"widget\" data-widget_type=\"spacer.default\">\n\t\t\t\t<div class=\"elementor-widget-container\">\n\t\t\t\t\t\t\t<div class=\"elementor-spacer\">\n\t\t\t<div class=\"elementor-spacer-inner\"><\/div>\n\t\t<\/div>\n\t\t\t\t\t\t<\/div>\n\t\t\t\t<\/div>\n\t\t\t\t\t<\/div>\n\t\t<\/div>\n\t\t\t\t\t<\/div>\n\t\t<\/section>\n\t\t\t\t<\/div>","protected":false},"excerpt":{"rendered":"<p>Jornada Online De la visi\u00f3 a l&#8217;acci\u00f3. Solucions per avan\u00e7ar junts en economia circular https:\/\/youtu.be\/NstmxQgk_LY De la visi\u00f3 a l&#8217;acci\u00f3. Solucions per avan\u00e7ar junts en economia circularJornada Online \u2013 14 de gener Programa: 12 h Benvinguda, inici de la sessi\u00f3. 12.05 h Presentaci\u00f3 de bones pr\u00e0ctiques empresarials: Sra. Mar Mulero, \u00a0Regulatory Affairs Technician\u00a0de Lluch Essence. [&hellip;]<\/p>","protected":false},"author":9,"featured_media":0,"parent":0,"menu_order":0,"comment_status":"closed","ping_status":"closed","template":"elementor_header_footer","meta":{"_acf_changed":false,"footnotes":""},"class_list":["post-7914","page","type-page","status-publish","hentry"],"acf":[],"_links":{"self":[{"href":"https:\/\/ecoindustria.net\/en\/wp-json\/wp\/v2\/pages\/7914","targetHints":{"allow":["GET"]}}],"collection":[{"href":"https:\/\/ecoindustria.net\/en\/wp-json\/wp\/v2\/pages"}],"about":[{"href":"https:\/\/ecoindustria.net\/en\/wp-json\/wp\/v2\/types\/page"}],"author":[{"embeddable":true,"href":"https:\/\/ecoindustria.net\/en\/wp-json\/wp\/v2\/users\/9"}],"replies":[{"embeddable":true,"href":"https:\/\/ecoindustria.net\/en\/wp-json\/wp\/v2\/comments?post=7914"}],"version-history":[{"count":15,"href":"https:\/\/ecoindustria.net\/en\/wp-json\/wp\/v2\/pages\/7914\/revisions"}],"predecessor-version":[{"id":7977,"href":"https:\/\/ecoindustria.net\/en\/wp-json\/wp\/v2\/pages\/7914\/revisions\/7977"}],"wp:attachment":[{"href":"https:\/\/ecoindustria.net\/en\/wp-json\/wp\/v2\/media?parent=7914"}],"curies":[{"name":"wp","href":"https:\/\/api.w.org\/{rel}","templated":true}]}}