{"id":7736,"date":"2020-06-08T09:06:09","date_gmt":"2020-06-08T07:06:09","guid":{"rendered":"https:\/\/ecoindustria.net\/?page_id=7736"},"modified":"2024-10-07T13:22:54","modified_gmt":"2024-10-07T11:22:54","slug":"formacio-2","status":"publish","type":"page","link":"https:\/\/ecoindustria.net\/en\/formacio-2\/","title":{"rendered":"Training"},"content":{"rendered":"<div data-elementor-type=\"wp-page\" data-elementor-id=\"7736\" class=\"elementor elementor-7736\" data-elementor-post-type=\"page\">\n\t\t\t\t\t\t<section class=\"elementor-section elementor-top-section elementor-element elementor-element-8cb8405 elementor-section-full_width elementor-section-height-default elementor-section-height-default\" data-id=\"8cb8405\" data-element_type=\"section\" data-settings=\"{&quot;background_background&quot;:&quot;classic&quot;}\">\n\t\t\t\t\t\t\t<div class=\"elementor-background-overlay\"><\/div>\n\t\t\t\t\t\t\t<div class=\"elementor-container elementor-column-gap-no\">\n\t\t\t\t\t<div class=\"elementor-column elementor-col-100 elementor-top-column elementor-element elementor-element-3dc06e9\" data-id=\"3dc06e9\" data-element_type=\"column\">\n\t\t\t<div class=\"elementor-widget-wrap elementor-element-populated\">\n\t\t\t\t\t\t<div class=\"elementor-element elementor-element-7aa1b8d elementor-widget elementor-widget-spacer\" data-id=\"7aa1b8d\" data-element_type=\"widget\" data-widget_type=\"spacer.default\">\n\t\t\t\t<div class=\"elementor-widget-container\">\n\t\t\t\t\t\t\t<div class=\"elementor-spacer\">\n\t\t\t<div class=\"elementor-spacer-inner\"><\/div>\n\t\t<\/div>\n\t\t\t\t\t\t<\/div>\n\t\t\t\t<\/div>\n\t\t\t\t\t<\/div>\n\t\t<\/div>\n\t\t\t\t\t<\/div>\n\t\t<\/section>\n\t\t\t\t<section class=\"elementor-section elementor-top-section elementor-element elementor-element-4378f861 elementor-section-content-middle elementor-section-stretched elementor-section-full_width elementor-section-height-default elementor-section-height-default\" data-id=\"4378f861\" data-element_type=\"section\" data-settings=\"{&quot;background_background&quot;:&quot;classic&quot;,&quot;stretch_section&quot;:&quot;section-stretched&quot;}\">\n\t\t\t\t\t\t<div class=\"elementor-container elementor-column-gap-no\">\n\t\t\t\t\t<div class=\"elementor-column elementor-col-100 elementor-top-column elementor-element elementor-element-3ef3a11\" data-id=\"3ef3a11\" data-element_type=\"column\" data-settings=\"{&quot;background_background&quot;:&quot;classic&quot;}\">\n\t\t\t<div class=\"elementor-widget-wrap elementor-element-populated\">\n\t\t\t\t\t\t<section class=\"elementor-section elementor-inner-section elementor-element elementor-element-129e8d09 elementor-section-boxed elementor-section-height-default elementor-section-height-default\" data-id=\"129e8d09\" data-element_type=\"section\">\n\t\t\t\t\t\t<div class=\"elementor-container elementor-column-gap-wider\">\n\t\t\t\t\t<div class=\"elementor-column elementor-col-100 elementor-inner-column elementor-element elementor-element-24f410c8\" data-id=\"24f410c8\" data-element_type=\"column\" data-settings=\"{&quot;background_background&quot;:&quot;classic&quot;}\">\n\t\t\t<div class=\"elementor-widget-wrap elementor-element-populated\">\n\t\t\t\t\t\t<div class=\"elementor-element elementor-element-32c84ff7 elementor-widget elementor-widget-heading\" data-id=\"32c84ff7\" data-element_type=\"widget\" data-widget_type=\"heading.default\">\n\t\t\t\t<div class=\"elementor-widget-container\">\n\t\t\t\t\t<h2 class=\"elementor-heading-title elementor-size-xxl\">Training<\/h2>\t\t\t\t<\/div>\n\t\t\t\t<\/div>\n\t\t\t\t<div class=\"elementor-element elementor-element-63573125 elementor-widget-divider--view-line elementor-invisible elementor-widget elementor-widget-divider\" data-id=\"63573125\" data-element_type=\"widget\" data-settings=\"{&quot;_animation&quot;:&quot;fadeInUp&quot;}\" data-widget_type=\"divider.default\">\n\t\t\t\t<div class=\"elementor-widget-container\">\n\t\t\t\t\t\t\t<div class=\"elementor-divider\">\n\t\t\t<span class=\"elementor-divider-separator\">\n\t\t\t\t\t\t<\/span>\n\t\t<\/div>\n\t\t\t\t\t\t<\/div>\n\t\t\t\t<\/div>\n\t\t\t\t<div class=\"elementor-element elementor-element-209942ea elementor-widget elementor-widget-text-editor\" data-id=\"209942ea\" data-element_type=\"widget\" data-widget_type=\"text-editor.default\">\n\t\t\t\t<div class=\"elementor-widget-container\">\n\t\t\t\t\t\t\t\t\t<p><span style=\"font-weight: 400;\">Every year we offer local companies a Cycle of Training Workshops on Circular Economy.<\/span><\/p><p><span style=\"font-weight: 400;\">The aim is to delve into different specialized concepts from a theoretical-practical perspective taught by specialist trainers in each subject.\u00a0<\/span><\/p><p><span style=\"font-weight: 400;\">Attendance at the workshops is free and have a maximum duration of 5 hours, with a first expository part, where the different concepts are explained and a second part of a practical nature where the attendees will be divided into different groups and will be treated specifically the applicability of the concepts presented to the attending business initiatives.<\/span><\/p><p><span style=\"font-weight: 400;\">The range of workshops is as follows:<\/span><\/p>\t\t\t\t\t\t\t\t<\/div>\n\t\t\t\t<\/div>\n\t\t<div class=\"elementor-element elementor-element-0e7e7bc e-flex e-con-boxed e-con e-parent\" data-id=\"0e7e7bc\" data-element_type=\"container\">\n\t\t\t\t\t<div class=\"e-con-inner\">\n\t\t\t\t<div class=\"elementor-element elementor-element-f7af27b elementor-widget elementor-widget-MEC\" data-id=\"f7af27b\" data-element_type=\"widget\" data-widget_type=\"MEC.default\">\n\t\t\t\t<div class=\"elementor-widget-container\">\n\t\t\t\t\t<div class=\"mec-wrap mec-skin-grid-container\" id=\"mec_skin_8658\">\r\n\r\n    \r\n        <div class=\"mec-skin-grid-events-container\" id=\"mec_skin_events_8658\">\r\n        No event found!    <\/div>\r\n    \r\n    \r\n<\/div>\t\t\t\t<\/div>\n\t\t\t\t<\/div>\n\t\t\t\t\t<\/div>\n\t\t\t\t<\/div>\n\t\t\t\t\t<\/div>\n\t\t<\/div>\n\t\t\t\t\t<\/div>\n\t\t<\/section>\n\t\t\t\t\t<\/div>\n\t\t<\/div>\n\t\t\t\t\t<\/div>\n\t\t<\/section>\n\t\t\t\t<section class=\"elementor-section elementor-top-section elementor-element elementor-element-5788f61 elementor-section-boxed elementor-section-height-default elementor-section-height-default\" data-id=\"5788f61\" data-element_type=\"section\" data-settings=\"{&quot;background_background&quot;:&quot;classic&quot;}\">\n\t\t\t\t\t\t<div class=\"elementor-container elementor-column-gap-default\">\n\t\t\t\t\t<div class=\"elementor-column elementor-col-100 elementor-top-column elementor-element elementor-element-b686131\" data-id=\"b686131\" data-element_type=\"column\">\n\t\t\t<div class=\"elementor-widget-wrap elementor-element-populated\">\n\t\t\t\t\t\t<div class=\"elementor-element elementor-element-a4ca148 elementor-widget elementor-widget-heading\" data-id=\"a4ca148\" data-element_type=\"widget\" data-widget_type=\"heading.default\">\n\t\t\t\t<div class=\"elementor-widget-container\">\n\t\t\t\t\t<h4 class=\"elementor-heading-title elementor-size-default\">Cycle of Ecoindustry workshops and days<\/h4>\t\t\t\t<\/div>\n\t\t\t\t<\/div>\n\t\t\t\t<div class=\"elementor-element elementor-element-7a2b48d elementor-widget-divider--view-line elementor-widget elementor-widget-divider\" data-id=\"7a2b48d\" data-element_type=\"widget\" data-widget_type=\"divider.default\">\n\t\t\t\t<div class=\"elementor-widget-container\">\n\t\t\t\t\t\t\t<div class=\"elementor-divider\">\n\t\t\t<span class=\"elementor-divider-separator\">\n\t\t\t\t\t\t<\/span>\n\t\t<\/div>\n\t\t\t\t\t\t<\/div>\n\t\t\t\t<\/div>\n\t\t\t\t<div class=\"elementor-element elementor-element-47682d7 elementor-position-top elementor-widget elementor-widget-image-box\" data-id=\"47682d7\" data-element_type=\"widget\" data-widget_type=\"image-box.default\">\n\t\t\t\t<div class=\"elementor-widget-container\">\n\t\t\t\t\t<div class=\"elementor-image-box-wrapper\"><figure class=\"elementor-image-box-img\"><a href=\"https:\/\/ecoindustria.net\/en\/2021\/06\/28\/taller-economia-circular-i-estrategies-aplicables-a-diferents-sectors\/\" tabindex=\"-1\"><img fetchpriority=\"high\" decoding=\"async\" width=\"1024\" height=\"274\" src=\"https:\/\/ecoindustria.net\/wp-content\/uploads\/2021\/06\/Diseno-sin-titulo-53.png\" class=\"attachment-full size-full wp-image-8357\" alt=\"\" srcset=\"https:\/\/ecoindustria.net\/wp-content\/uploads\/2021\/06\/Diseno-sin-titulo-53.png 1024w, https:\/\/ecoindustria.net\/wp-content\/uploads\/2021\/06\/Diseno-sin-titulo-53-900x241.png 900w, https:\/\/ecoindustria.net\/wp-content\/uploads\/2021\/06\/Diseno-sin-titulo-53-768x206.png 768w, https:\/\/ecoindustria.net\/wp-content\/uploads\/2021\/06\/Diseno-sin-titulo-53-300x80.png 300w, https:\/\/ecoindustria.net\/wp-content\/uploads\/2021\/06\/Diseno-sin-titulo-53-18x5.png 18w, https:\/\/ecoindustria.net\/wp-content\/uploads\/2021\/06\/Diseno-sin-titulo-53-150x40.png 150w, https:\/\/ecoindustria.net\/wp-content\/uploads\/2021\/06\/Diseno-sin-titulo-53-500x134.png 500w\" sizes=\"(max-width: 1024px) 100vw, 1024px\" \/><\/a><\/figure><div class=\"elementor-image-box-content\"><h3 class=\"elementor-image-box-title\"><a href=\"https:\/\/ecoindustria.net\/en\/2021\/06\/28\/taller-economia-circular-i-estrategies-aplicables-a-diferents-sectors\/\">Re-watch the last Eco-Industry Conference on the ODS<\/a><\/h3><p class=\"elementor-image-box-description\">Held on Thursday, January 27, 2022, from 9:30 a.m. to 11 a.m. in Prat de Llobregat<\/p><\/div><\/div>\t\t\t\t<\/div>\n\t\t\t\t<\/div>\n\t\t\t\t<section class=\"elementor-section elementor-inner-section elementor-element elementor-element-d165d01 elementor-section-boxed elementor-section-height-default elementor-section-height-default\" data-id=\"d165d01\" data-element_type=\"section\">\n\t\t\t\t\t\t<div class=\"elementor-container elementor-column-gap-default\">\n\t\t\t\t\t<div class=\"elementor-column elementor-col-50 elementor-inner-column elementor-element elementor-element-2f39050\" data-id=\"2f39050\" data-element_type=\"column\">\n\t\t\t<div class=\"elementor-widget-wrap\">\n\t\t\t\t\t\t\t<\/div>\n\t\t<\/div>\n\t\t\t\t<div class=\"elementor-column elementor-col-50 elementor-inner-column elementor-element elementor-element-6ec9c60\" data-id=\"6ec9c60\" data-element_type=\"column\">\n\t\t\t<div class=\"elementor-widget-wrap\">\n\t\t\t\t\t\t\t<\/div>\n\t\t<\/div>\n\t\t\t\t\t<\/div>\n\t\t<\/section>\n\t\t\t\t<section class=\"elementor-section elementor-inner-section elementor-element elementor-element-2b41f9a elementor-section-boxed elementor-section-height-default elementor-section-height-default\" data-id=\"2b41f9a\" data-element_type=\"section\">\n\t\t\t\t\t\t<div class=\"elementor-container elementor-column-gap-default\">\n\t\t\t\t\t<div class=\"elementor-column elementor-col-50 elementor-inner-column elementor-element elementor-element-64ce9bb\" data-id=\"64ce9bb\" data-element_type=\"column\">\n\t\t\t<div class=\"elementor-widget-wrap\">\n\t\t\t\t\t\t\t<\/div>\n\t\t<\/div>\n\t\t\t\t<div class=\"elementor-column elementor-col-50 elementor-inner-column elementor-element elementor-element-1e780b2\" data-id=\"1e780b2\" data-element_type=\"column\">\n\t\t\t<div class=\"elementor-widget-wrap\">\n\t\t\t\t\t\t\t<\/div>\n\t\t<\/div>\n\t\t\t\t\t<\/div>\n\t\t<\/section>\n\t\t\t\t\t<\/div>\n\t\t<\/div>\n\t\t\t\t\t<\/div>\n\t\t<\/section>\n\t\t\t\t<\/div>","protected":false},"excerpt":{"rendered":"<p>Formaci\u00f3 Anualment oferim a les empreses del territori un Cicle de Tallers de Capacitaci\u00f3 en mat\u00e8ria d\u2019Economia Circular. L\u2019objectiu \u00e9s aprofundir en diferents conceptes especialitzats des d\u2019una vessant te\u00f2ric-pr\u00e0ctica impartida per formadors especialistes en cada materia.\u00a0 L\u2019assist\u00e8ncia als tallers \u00e9s gratu\u00efta i tenen una durada m\u00e0xima de 5 hores, amb una primera part expositiva, on [&hellip;]<\/p>","protected":false},"author":9,"featured_media":0,"parent":0,"menu_order":0,"comment_status":"closed","ping_status":"closed","template":"","meta":{"_acf_changed":false,"footnotes":""},"class_list":["post-7736","page","type-page","status-publish","hentry"],"acf":[],"_links":{"self":[{"href":"https:\/\/ecoindustria.net\/en\/wp-json\/wp\/v2\/pages\/7736","targetHints":{"allow":["GET"]}}],"collection":[{"href":"https:\/\/ecoindustria.net\/en\/wp-json\/wp\/v2\/pages"}],"about":[{"href":"https:\/\/ecoindustria.net\/en\/wp-json\/wp\/v2\/types\/page"}],"author":[{"embeddable":true,"href":"https:\/\/ecoindustria.net\/en\/wp-json\/wp\/v2\/users\/9"}],"replies":[{"embeddable":true,"href":"https:\/\/ecoindustria.net\/en\/wp-json\/wp\/v2\/comments?post=7736"}],"version-history":[{"count":66,"href":"https:\/\/ecoindustria.net\/en\/wp-json\/wp\/v2\/pages\/7736\/revisions"}],"predecessor-version":[{"id":9544,"href":"https:\/\/ecoindustria.net\/en\/wp-json\/wp\/v2\/pages\/7736\/revisions\/9544"}],"wp:attachment":[{"href":"https:\/\/ecoindustria.net\/en\/wp-json\/wp\/v2\/media?parent=7736"}],"curies":[{"name":"wp","href":"https:\/\/api.w.org\/{rel}","templated":true}]}}