{"id":7400,"date":"2020-01-07T11:38:40","date_gmt":"2020-01-07T10:38:40","guid":{"rendered":"https:\/\/ecoindustria.net\/?page_id=7400"},"modified":"2025-11-25T11:54:07","modified_gmt":"2025-11-25T10:54:07","slug":"noticies","status":"publish","type":"page","link":"https:\/\/ecoindustria.net\/en\/noticies\/","title":{"rendered":"News"},"content":{"rendered":"<div data-elementor-type=\"wp-page\" data-elementor-id=\"7400\" class=\"elementor elementor-7400\" data-elementor-post-type=\"page\">\n\t\t\t\t\t\t<section class=\"elementor-section elementor-top-section elementor-element elementor-element-0be076e elementor-section-boxed elementor-section-height-default elementor-section-height-default\" data-id=\"0be076e\" data-element_type=\"section\" data-e-type=\"section\">\n\t\t\t\t\t\t<div class=\"elementor-container elementor-column-gap-default\">\n\t\t\t\t\t<div class=\"elementor-column elementor-col-100 elementor-top-column elementor-element elementor-element-3d07303\" data-id=\"3d07303\" data-element_type=\"column\" data-e-type=\"column\">\n\t\t\t<div class=\"elementor-widget-wrap elementor-element-populated\">\n\t\t\t\t\t\t<div class=\"elementor-element elementor-element-04d7246 elementor-widget elementor-widget-heading\" data-id=\"04d7246\" data-element_type=\"widget\" data-e-type=\"widget\" data-widget_type=\"heading.default\">\n\t\t\t\t<div class=\"elementor-widget-container\">\n\t\t\t\t\t<h4 class=\"elementor-heading-title elementor-size-default\"><a href=\"http:\/\/ecoindustria.web-prueba.com\/index.php\/agenda\/\">news<\/a><\/h4>\t\t\t\t<\/div>\n\t\t\t\t<\/div>\n\t\t\t\t<div class=\"elementor-element elementor-element-df585fc elementor-widget-divider--view-line elementor-widget elementor-widget-divider\" data-id=\"df585fc\" data-element_type=\"widget\" data-e-type=\"widget\" data-widget_type=\"divider.default\">\n\t\t\t\t<div class=\"elementor-widget-container\">\n\t\t\t\t\t\t\t<div class=\"elementor-divider\">\n\t\t\t<span class=\"elementor-divider-separator\">\n\t\t\t\t\t\t<\/span>\n\t\t<\/div>\n\t\t\t\t\t\t<\/div>\n\t\t\t\t<\/div>\n\t\t\t\t<div class=\"elementor-element elementor-element-76ce255 elementor-grid-3 elementor-grid-tablet-2 elementor-grid-mobile-1 elementor-posts--thumbnail-top elementor-card-shadow-yes elementor-posts__hover-gradient elementor-widget elementor-widget-posts\" data-id=\"76ce255\" data-element_type=\"widget\" data-e-type=\"widget\" data-settings=\"{&quot;pagination_type&quot;:&quot;numbers_and_prev_next&quot;,&quot;cards_columns&quot;:&quot;3&quot;,&quot;cards_columns_tablet&quot;:&quot;2&quot;,&quot;cards_columns_mobile&quot;:&quot;1&quot;,&quot;cards_row_gap&quot;:{&quot;unit&quot;:&quot;px&quot;,&quot;size&quot;:35,&quot;sizes&quot;:[]},&quot;cards_row_gap_tablet&quot;:{&quot;unit&quot;:&quot;px&quot;,&quot;size&quot;:&quot;&quot;,&quot;sizes&quot;:[]},&quot;cards_row_gap_mobile&quot;:{&quot;unit&quot;:&quot;px&quot;,&quot;size&quot;:&quot;&quot;,&quot;sizes&quot;:[]}}\" data-widget_type=\"posts.cards\">\n\t\t\t\t<div class=\"elementor-widget-container\">\n\t\t\t\t\t\t\t<div class=\"elementor-posts-container elementor-posts elementor-posts--skin-cards elementor-grid\" role=\"list\">\n\t\t\t\t<article class=\"elementor-post elementor-grid-item post-10025 noticias type-noticias status-publish format-standard has-post-thumbnail hentry category-noticies\" role=\"listitem\">\n\t\t\t<div class=\"elementor-post__card\">\n\t\t\t\t<a class=\"elementor-post__thumbnail__link\" href=\"https:\/\/ecoindustria.net\/en\/noticias\/green-talk-com-calcular-la-petjada-de-carboni-i-fer-un-pla-de-descarbonitzacio\/\" tabindex=\"-1\" ><div class=\"elementor-post__thumbnail\"><img fetchpriority=\"high\" decoding=\"async\" width=\"800\" height=\"492\" src=\"https:\/\/ecoindustria.net\/wp-content\/uploads\/2026\/03\/2149675039-1024x630.jpg\" class=\"attachment-large size-large wp-image-10026\" alt=\"\" srcset=\"https:\/\/ecoindustria.net\/wp-content\/uploads\/2026\/03\/2149675039-1024x630.jpg 1024w, https:\/\/ecoindustria.net\/wp-content\/uploads\/2026\/03\/2149675039-900x554.jpg 900w, https:\/\/ecoindustria.net\/wp-content\/uploads\/2026\/03\/2149675039-768x472.jpg 768w, https:\/\/ecoindustria.net\/wp-content\/uploads\/2026\/03\/2149675039-1536x945.jpg 1536w, https:\/\/ecoindustria.net\/wp-content\/uploads\/2026\/03\/2149675039-18x12.jpg 18w, https:\/\/ecoindustria.net\/wp-content\/uploads\/2026\/03\/2149675039.jpg 2000w\" sizes=\"(max-width: 800px) 100vw, 800px\" \/><\/div><\/a>\n\t\t\t\t<div class=\"elementor-post__badge\">news<\/div>\n\t\t\t\t<div class=\"elementor-post__text\">\n\t\t\t\t<h3 class=\"elementor-post__title\">\n\t\t\t<a href=\"https:\/\/ecoindustria.net\/en\/noticias\/green-talk-com-calcular-la-petjada-de-carboni-i-fer-un-pla-de-descarbonitzacio\/\" >\n\t\t\t\tGreen Talk: Com calcular la petjada de carboni i fer un pla de descarbonitzaci\u00f3\t\t\t<\/a>\n\t\t<\/h3>\n\t\t\t\t<div class=\"elementor-post__excerpt\">\n\t\t\t<p>El proper 8 d&#8217;abril, l&#8217;ACCIO (Ag\u00e8ncia per la Competitivitat de l&#8217;Empresa de la Generalitat de Catalunya) organitza una jornada pr\u00e0ctica per ajudar les empreses a mesurar les seves emissions i crear un pla de reducci\u00f3<\/p>\n\t\t<\/div>\n\t\t\n\t\t<a class=\"elementor-post__read-more\" href=\"https:\/\/ecoindustria.net\/en\/noticias\/green-talk-com-calcular-la-petjada-de-carboni-i-fer-un-pla-de-descarbonitzacio\/\" aria-label=\"Read more about Green Talk: Com calcular la petjada de carboni i fer un pla de descarbonitzaci\u00f3\" tabindex=\"-1\" >\n\t\t\t Read more \u00bb\t\t<\/a>\n\n\t\t\t\t<\/div>\n\t\t\t\t\t<\/div>\n\t\t<\/article>\n\t\t\t\t<article class=\"elementor-post elementor-grid-item post-10015 noticias type-noticias status-publish format-standard has-post-thumbnail hentry category-jornades\" role=\"listitem\">\n\t\t\t<div class=\"elementor-post__card\">\n\t\t\t\t<a class=\"elementor-post__thumbnail__link\" href=\"https:\/\/ecoindustria.net\/en\/noticias\/circularitat-en-moviment-el-paper-de-la-logistica-en-la-simbiosi-industrial\/\" tabindex=\"-1\" ><div class=\"elementor-post__thumbnail\"><img decoding=\"async\" width=\"800\" height=\"499\" src=\"https:\/\/ecoindustria.net\/wp-content\/uploads\/2026\/02\/Captura-de-pantalla-2026-02-13-094816-1024x639.png\" class=\"attachment-large size-large wp-image-10016\" alt=\"\" srcset=\"https:\/\/ecoindustria.net\/wp-content\/uploads\/2026\/02\/Captura-de-pantalla-2026-02-13-094816-1024x639.png 1024w, https:\/\/ecoindustria.net\/wp-content\/uploads\/2026\/02\/Captura-de-pantalla-2026-02-13-094816-900x562.png 900w, https:\/\/ecoindustria.net\/wp-content\/uploads\/2026\/02\/Captura-de-pantalla-2026-02-13-094816-768x480.png 768w, https:\/\/ecoindustria.net\/wp-content\/uploads\/2026\/02\/Captura-de-pantalla-2026-02-13-094816-18x12.png 18w, https:\/\/ecoindustria.net\/wp-content\/uploads\/2026\/02\/Captura-de-pantalla-2026-02-13-094816.png 1230w\" sizes=\"(max-width: 800px) 100vw, 800px\" \/><\/div><\/a>\n\t\t\t\t<div class=\"elementor-post__badge\">days<\/div>\n\t\t\t\t<div class=\"elementor-post__text\">\n\t\t\t\t<h3 class=\"elementor-post__title\">\n\t\t\t<a href=\"https:\/\/ecoindustria.net\/en\/noticias\/circularitat-en-moviment-el-paper-de-la-logistica-en-la-simbiosi-industrial\/\" >\n\t\t\t\tCircularity in motion. The role of logistics in industrial symbiosis\t\t\t<\/a>\n\t\t<\/h3>\n\t\t\t\t<div class=\"elementor-post__excerpt\">\n\t\t\t<p>\ud83d\udcc5 25 February 2026\n\ud83d\udccd DFactory Barcelona\nCatalonia Industrial Symbiosis Platform (PSIC)\nThe event will address the strategic role of logistics in material recovery and in enabling the\u2026<\/p>\n\t\t<\/div>\n\t\t\n\t\t<a class=\"elementor-post__read-more\" href=\"https:\/\/ecoindustria.net\/en\/noticias\/circularitat-en-moviment-el-paper-de-la-logistica-en-la-simbiosi-industrial\/\" aria-label=\"Read more about Circularitat en moviment. El paper de la log\u00edstica en la simbiosi industrial\" tabindex=\"-1\" >\n\t\t\t Read more \u00bb\t\t<\/a>\n\n\t\t\t\t<\/div>\n\t\t\t\t\t<\/div>\n\t\t<\/article>\n\t\t\t\t<article class=\"elementor-post elementor-grid-item post-10007 noticias type-noticias status-publish format-standard has-post-thumbnail hentry category-noticies\" role=\"listitem\">\n\t\t\t<div class=\"elementor-post__card\">\n\t\t\t\t<a class=\"elementor-post__thumbnail__link\" href=\"https:\/\/ecoindustria.net\/en\/noticias\/un-nou-escenari-per-al-pet-com-adaptar-ne-el-reciclatge-amb-larribada-de-lsddr\/\" tabindex=\"-1\" ><div class=\"elementor-post__thumbnail\"><img decoding=\"async\" width=\"750\" height=\"500\" src=\"https:\/\/ecoindustria.net\/wp-content\/uploads\/2026\/02\/portada-1-2-1.jpg\" class=\"attachment-large size-large wp-image-10008\" alt=\"\" srcset=\"https:\/\/ecoindustria.net\/wp-content\/uploads\/2026\/02\/portada-1-2-1.jpg 750w, https:\/\/ecoindustria.net\/wp-content\/uploads\/2026\/02\/portada-1-2-1-391x260.jpg 391w, https:\/\/ecoindustria.net\/wp-content\/uploads\/2026\/02\/portada-1-2-1-18x12.jpg 18w\" sizes=\"(max-width: 750px) 100vw, 750px\" \/><\/div><\/a>\n\t\t\t\t<div class=\"elementor-post__badge\">news<\/div>\n\t\t\t\t<div class=\"elementor-post__text\">\n\t\t\t\t<h3 class=\"elementor-post__title\">\n\t\t\t<a href=\"https:\/\/ecoindustria.net\/en\/noticias\/un-nou-escenari-per-al-pet-com-adaptar-ne-el-reciclatge-amb-larribada-de-lsddr\/\" >\n\t\t\t\tA new scenario for PET: How to adapt its recycling with the arrival of the DRS?\t\t\t<\/a>\n\t\t<\/h3>\n\t\t\t\t<div class=\"elementor-post__excerpt\">\n\t\t\t<p>With the future implementation in Spain of the Deposit, Return and Refund System (DRRS) for plastic packaging \u2014as required by current regulations before 2029\u2014 the PET recycling model will change\u2026<\/p>\n\t\t<\/div>\n\t\t\n\t\t<a class=\"elementor-post__read-more\" href=\"https:\/\/ecoindustria.net\/en\/noticias\/un-nou-escenari-per-al-pet-com-adaptar-ne-el-reciclatge-amb-larribada-de-lsddr\/\" aria-label=\"Read more about Un nou escenari per al PET: Com adaptar-ne el reciclatge amb l\u2019arribada de l\u2019SDDR?\" tabindex=\"-1\" >\n\t\t\t Read more \u00bb\t\t<\/a>\n\n\t\t\t\t<\/div>\n\t\t\t\t\t<\/div>\n\t\t<\/article>\n\t\t\t\t<article class=\"elementor-post elementor-grid-item post-10004 noticias type-noticias status-publish format-standard has-post-thumbnail hentry category-noticies\" role=\"listitem\">\n\t\t\t<div class=\"elementor-post__card\">\n\t\t\t\t<a class=\"elementor-post__thumbnail__link\" href=\"https:\/\/ecoindustria.net\/en\/noticias\/nova-convocatoria-dajuts-per-a-la-descarbonitzacio-de-la-industria-amb-fons-europeus\/\" tabindex=\"-1\" ><div class=\"elementor-post__thumbnail\"><img loading=\"lazy\" decoding=\"async\" width=\"800\" height=\"450\" src=\"https:\/\/ecoindustria.net\/wp-content\/uploads\/2026\/01\/PERTE-DESCARBONIZACION-1024x576.jpg\" class=\"attachment-large size-large wp-image-10005\" alt=\"\" srcset=\"https:\/\/ecoindustria.net\/wp-content\/uploads\/2026\/01\/PERTE-DESCARBONIZACION-1024x576.jpg 1024w, https:\/\/ecoindustria.net\/wp-content\/uploads\/2026\/01\/PERTE-DESCARBONIZACION-900x506.jpg 900w, https:\/\/ecoindustria.net\/wp-content\/uploads\/2026\/01\/PERTE-DESCARBONIZACION-768x432.jpg 768w, https:\/\/ecoindustria.net\/wp-content\/uploads\/2026\/01\/PERTE-DESCARBONIZACION-18x10.jpg 18w, https:\/\/ecoindustria.net\/wp-content\/uploads\/2026\/01\/PERTE-DESCARBONIZACION.jpg 1200w\" sizes=\"(max-width: 800px) 100vw, 800px\" \/><\/div><\/a>\n\t\t\t\t<div class=\"elementor-post__badge\">news<\/div>\n\t\t\t\t<div class=\"elementor-post__text\">\n\t\t\t\t<h3 class=\"elementor-post__title\">\n\t\t\t<a href=\"https:\/\/ecoindustria.net\/en\/noticias\/nova-convocatoria-dajuts-per-a-la-descarbonitzacio-de-la-industria-amb-fons-europeus\/\" >\n\t\t\t\tNew call for grants for industrial decarbonisation with European funds\t\t\t<\/a>\n\t\t<\/h3>\n\t\t\t\t<div class=\"elementor-post__excerpt\">\n\t\t\t<p>The Government has launched a new \u20ac330 million funding scheme under the Industrial Decarbonisation PERTE, financed by Next Generation EU and REACT-EU funds, aimed at promoting emissions reduction in the manufacturing industry.<\/p>\n\t\t<\/div>\n\t\t\n\t\t<a class=\"elementor-post__read-more\" href=\"https:\/\/ecoindustria.net\/en\/noticias\/nova-convocatoria-dajuts-per-a-la-descarbonitzacio-de-la-industria-amb-fons-europeus\/\" aria-label=\"Read more about Nova convocat\u00f2ria d\u2019ajuts per a la descarbonitzaci\u00f3 de la ind\u00fastria amb fons europeus\" tabindex=\"-1\" >\n\t\t\t Read more \u00bb\t\t<\/a>\n\n\t\t\t\t<\/div>\n\t\t\t\t\t<\/div>\n\t\t<\/article>\n\t\t\t\t<article class=\"elementor-post elementor-grid-item post-10002 noticias type-noticias status-publish format-standard has-post-thumbnail hentry category-noticies\" role=\"listitem\">\n\t\t\t<div class=\"elementor-post__card\">\n\t\t\t\t<a class=\"elementor-post__thumbnail__link\" href=\"https:\/\/ecoindustria.net\/en\/noticias\/vols-coneixer-les-grans-oportunitats-de-financament-next-generation-eu-que-poden-impulsar-la-transformacio-de-la-teva-industria-el-2026\/\" tabindex=\"-1\" ><div class=\"elementor-post__thumbnail\"><img loading=\"lazy\" decoding=\"async\" width=\"538\" height=\"362\" src=\"https:\/\/ecoindustria.net\/wp-content\/uploads\/2026\/01\/Keep-it-real-placeholder.png\" class=\"attachment-large size-large wp-image-10003\" alt=\"\" srcset=\"https:\/\/ecoindustria.net\/wp-content\/uploads\/2026\/01\/Keep-it-real-placeholder.png 538w, https:\/\/ecoindustria.net\/wp-content\/uploads\/2026\/01\/Keep-it-real-placeholder-18x12.png 18w\" sizes=\"(max-width: 538px) 100vw, 538px\" \/><\/div><\/a>\n\t\t\t\t<div class=\"elementor-post__badge\">news<\/div>\n\t\t\t\t<div class=\"elementor-post__text\">\n\t\t\t\t<h3 class=\"elementor-post__title\">\n\t\t\t<a href=\"https:\/\/ecoindustria.net\/en\/noticias\/vols-coneixer-les-grans-oportunitats-de-financament-next-generation-eu-que-poden-impulsar-la-transformacio-de-la-teva-industria-el-2026\/\" >\n\t\t\t\tDo you want to discover the major Next Generation EU funding opportunities that can drive the transformation of your industry in 2026?\t\t\t<\/a>\n\t\t<\/h3>\n\t\t\t\t<div class=\"elementor-post__excerpt\">\n\t\t\t<p>Do you want to learn about the major Next Generation EU funding opportunities that can drive the transformation of your industry in 2026?\nFriday, 16 January 2026.\nFrom 12:00 pm to 1:30 pm.\nIn this ACCI\u00d3 session\u2026<\/p>\n\t\t<\/div>\n\t\t\n\t\t<a class=\"elementor-post__read-more\" href=\"https:\/\/ecoindustria.net\/en\/noticias\/vols-coneixer-les-grans-oportunitats-de-financament-next-generation-eu-que-poden-impulsar-la-transformacio-de-la-teva-industria-el-2026\/\" aria-label=\"Read more about Vols con\u00e8ixer les grans oportunitats de finan\u00e7ament Next Generation EU que poden impulsar la transformaci\u00f3 de la teva ind\u00fastria el 2026?\" tabindex=\"-1\" >\n\t\t\t Read more \u00bb\t\t<\/a>\n\n\t\t\t\t<\/div>\n\t\t\t\t\t<\/div>\n\t\t<\/article>\n\t\t\t\t<article class=\"elementor-post elementor-grid-item post-9995 noticias type-noticias status-publish format-standard has-post-thumbnail hentry category-ajuts\" role=\"listitem\">\n\t\t\t<div class=\"elementor-post__card\">\n\t\t\t\t<a class=\"elementor-post__thumbnail__link\" href=\"https:\/\/ecoindustria.net\/en\/noticias\/ajuts-pel-desenvolupament-dinstallacions-manufactureres-altament-eficients-i-descarbonitzades\/\" tabindex=\"-1\" ><div class=\"elementor-post__thumbnail\"><img loading=\"lazy\" decoding=\"async\" width=\"800\" height=\"450\" src=\"https:\/\/ecoindustria.net\/wp-content\/uploads\/2025\/11\/descarbonizacion-industria-1024x576.jpg\" class=\"attachment-large size-large wp-image-9996\" alt=\"\" srcset=\"https:\/\/ecoindustria.net\/wp-content\/uploads\/2025\/11\/descarbonizacion-industria-1024x576.jpg 1024w, https:\/\/ecoindustria.net\/wp-content\/uploads\/2025\/11\/descarbonizacion-industria-900x506.jpg 900w, https:\/\/ecoindustria.net\/wp-content\/uploads\/2025\/11\/descarbonizacion-industria-768x432.jpg 768w, https:\/\/ecoindustria.net\/wp-content\/uploads\/2025\/11\/descarbonizacion-industria-1536x864.jpg 1536w, https:\/\/ecoindustria.net\/wp-content\/uploads\/2025\/11\/descarbonizacion-industria-2048x1152.jpg 2048w, https:\/\/ecoindustria.net\/wp-content\/uploads\/2025\/11\/descarbonizacion-industria-18x10.jpg 18w\" sizes=\"(max-width: 800px) 100vw, 800px\" \/><\/div><\/a>\n\t\t\t\t<div class=\"elementor-post__badge\">aids<\/div>\n\t\t\t\t<div class=\"elementor-post__text\">\n\t\t\t\t<h3 class=\"elementor-post__title\">\n\t\t\t<a href=\"https:\/\/ecoindustria.net\/en\/noticias\/ajuts-pel-desenvolupament-dinstallacions-manufactureres-altament-eficients-i-descarbonitzades\/\" >\n\t\t\t\tGrants for the development of highly efficient and decarbonised manufacturing facilities.\t\t\t<\/a>\n\t\t<\/h3>\n\t\t\t\t<div class=\"elementor-post__excerpt\">\n\t\t\t<p>Entity: MINISTRY OF INDUSTRY AND TOURISM (MINTUR) \u2013 SEPIDES E.P.E.\nTarget audience: Industrial companies or companies providing services to the industrial sector (minimum of three years of industrial experience). Groups without legal personality.\nEligible modalities and actions: The actions\u2026<\/p>\n\t\t<\/div>\n\t\t\n\t\t<a class=\"elementor-post__read-more\" href=\"https:\/\/ecoindustria.net\/en\/noticias\/ajuts-pel-desenvolupament-dinstallacions-manufactureres-altament-eficients-i-descarbonitzades\/\" aria-label=\"Read more about Ajuts pel desenvolupament d&#8217;instal\u00b7lacions manufactureres altament eficients i descarbonitzades\" tabindex=\"-1\" >\n\t\t\t Read more \u00bb\t\t<\/a>\n\n\t\t\t\t<\/div>\n\t\t\t\t\t<\/div>\n\t\t<\/article>\n\t\t\t\t<\/div>\n\t\t\n\t\t\t\t<div class=\"e-load-more-anchor\" data-page=\"1\" data-max-page=\"26\" data-next-page=\"https:\/\/ecoindustria.net\/en\/wp-json\/wp\/v2\/pages\/7400\/page\/2\/\"><\/div>\n\t\t\t\t<nav class=\"elementor-pagination\" aria-label=\"Pagination\">\n\t\t\t<span class=\"page-numbers prev\">\u00ab Previous<\/span>\n<span aria-current=\"page\" class=\"page-numbers current\"><span class=\"elementor-screen-only\">Page<\/span>1<\/span>\n<a class=\"page-numbers\" href=\"https:\/\/ecoindustria.net\/en\/wp-json\/wp\/v2\/pages\/7400\/page\/2\/\"><span class=\"elementor-screen-only\">Page<\/span>2<\/a>\n<a class=\"page-numbers\" href=\"https:\/\/ecoindustria.net\/en\/wp-json\/wp\/v2\/pages\/7400\/page\/3\/\"><span class=\"elementor-screen-only\">Page<\/span>3<\/a>\n<span class=\"page-numbers dots\">&hellip;<\/span>\n<a class=\"page-numbers\" href=\"https:\/\/ecoindustria.net\/en\/wp-json\/wp\/v2\/pages\/7400\/page\/26\/\"><span class=\"elementor-screen-only\">Page<\/span>26<\/a>\n<a class=\"page-numbers next\" href=\"https:\/\/ecoindustria.net\/en\/wp-json\/wp\/v2\/pages\/7400\/page\/2\/\">Next \u00bb<\/a>\t\t<\/nav>\n\t\t\t\t\t\t<\/div>\n\t\t\t\t<\/div>\n\t\t\t\t\t<\/div>\n\t\t<\/div>\n\t\t\t\t\t<\/div>\n\t\t<\/section>\n\t\t\t\t<\/div>","protected":false},"excerpt":{"rendered":"<p>news<\/p>","protected":false},"author":9,"featured_media":0,"parent":0,"menu_order":0,"comment_status":"closed","ping_status":"closed","template":"","meta":{"_acf_changed":false,"footnotes":""},"class_list":["post-7400","page","type-page","status-publish","hentry"],"acf":[],"_links":{"self":[{"href":"https:\/\/ecoindustria.net\/en\/wp-json\/wp\/v2\/pages\/7400","targetHints":{"allow":["GET"]}}],"collection":[{"href":"https:\/\/ecoindustria.net\/en\/wp-json\/wp\/v2\/pages"}],"about":[{"href":"https:\/\/ecoindustria.net\/en\/wp-json\/wp\/v2\/types\/page"}],"author":[{"embeddable":true,"href":"https:\/\/ecoindustria.net\/en\/wp-json\/wp\/v2\/users\/9"}],"replies":[{"embeddable":true,"href":"https:\/\/ecoindustria.net\/en\/wp-json\/wp\/v2\/comments?post=7400"}],"version-history":[{"count":6,"href":"https:\/\/ecoindustria.net\/en\/wp-json\/wp\/v2\/pages\/7400\/revisions"}],"predecessor-version":[{"id":10000,"href":"https:\/\/ecoindustria.net\/en\/wp-json\/wp\/v2\/pages\/7400\/revisions\/10000"}],"wp:attachment":[{"href":"https:\/\/ecoindustria.net\/en\/wp-json\/wp\/v2\/media?parent=7400"}],"curies":[{"name":"wp","href":"https:\/\/api.w.org\/{rel}","templated":true}]}}