{"id":6063,"date":"2017-04-20T08:00:05","date_gmt":"2017-04-20T07:00:05","guid":{"rendered":"https:\/\/ecoindustria.net\/?page_id=6063"},"modified":"2017-06-02T12:29:00","modified_gmt":"2017-06-02T11:29:00","slug":"subvencions-de-la-agencia-de-residus","status":"publish","type":"page","link":"https:\/\/ecoindustria.net\/en\/subvencions-de-la-agencia-de-residus\/","title":{"rendered":"Grants from the Waste Agency"},"content":{"rendered":"<p>L&#8217;Agencia de residus ha publicat les dues convocat\u00f2ries que t\u00e9 destinades a subvencionar a empreses: l&#8217;<strong>execuci\u00f3 de projectes de prevenci\u00f3 de residus industrials i de foment de l&#8217;economia circular.<\/strong><\/p>\n<p><strong>Who is it aimed at?<\/strong><br \/>\nLes empreses o agrupacions d&#8217;empreses que tinguin almenys un establiment operatiu ubicat a Catalunya i les associacions d&#8217;empreses que tinguin l&#8217;establiment operatiu a Catalunya.<\/p>\n<p><strong>Aid for prevention projects, preparation for the reuse and recycling of industrial waste (Waste Agency of Catalonia).<\/strong><\/p>\n<p>La finalitat principal \u00e9s el foment de l&#8217;execuci\u00f3 de projectes de prevenci\u00f3, de preparaci\u00f3 per a la reutilitzaci\u00f3 i de reciclatge de residus industrials i projectes de recerca industrial i desenvolupament experimental aplicats al camp de la prevenci\u00f3, de la preparaci\u00f3 per a la reutilitzaci\u00f3 i del reciclatge de residus industrials.<\/p>\n<p><strong>Beneficiaries:<\/strong> Empreses i agrupacions d&#8217;empreses amb establiment productiu a Catalunya.<br \/>\n<strong>amount<\/strong>: Maximum: \u20ac120,000 in case of projects that reduce or incorporate recycled material from hazardous waste; \u20ac100,000 for non-hazardous waste.<br \/>\n<strong>Subcontracting allowed<\/strong>: max. the 50%<\/p>\n<p><strong>Term<\/strong><strong>ini de sol\u00b7licituds<\/strong>: until May 31, 2017.<\/p>\n<p><a href=\"http:\/\/portaldogc.gencat.cat\/utilsEADOP\/PDF\/7341\/1601116.pdf\" target=\"_blank\" rel=\"noopener noreferrer\">Link to the call<\/a><\/p>\n<p><strong>Ajuts per a projectes de foment de l&#8217;economia circular (Ag\u00e8ncia de Residus de Catalunya).<\/strong><\/p>\n<p>L&#8217;objecte de l&#8217;ajut \u00e9s el foment de projectes per a l&#8217;acceleraci\u00f3 de la transici\u00f3 cap a una economia circular a Catalunya, millorant l&#8217;efici\u00e8ncia en l&#8217;\u00fas dels recursos materials i desacoblant el desenvolupament econ\u00f2mic global del consum de recursos.<\/p>\n<p>The following projects can be subsidized:<\/p>\n<p><strong>Class A<\/strong>. Implementation projects in the market of new products or services<br \/>\n<strong>Class B<\/strong>. Estudis d\u2019obtenci\u00f3 i testatge de prototips o projectes demostratius de nous productes o serveis.<\/p>\n<p>Projects can be about the following categories:<\/p>\n<p>1. Ecodesign of products or services that promotes waste prevention throughout the life cycle.<br \/>\n2. Reuse of products.<br \/>\n3. Return services for used products promoted by the distributor or manufacturer of these products, with the purpose of reusing them, remanufacturing them or recycling them (take-back schemes).<br \/>\n4. Industrial symbiosis that promotes the efficiency of material resources other than water.<br \/>\n5. New applications of recycled materials.<br \/>\n6. New processes or technologies that allow the valorization of waste that is not currently being valorized, or that increase the performance and\/or quality of existing third-party waste valorization operations.<br \/>\n7. Landfill mining for material recovery.<\/p>\n<p><strong>Deadline for applications<\/strong>: until June 26, 2017.<\/p>\n<p><a href=\"http:\/\/portaldogc.gencat.cat\/utilsEADOP\/PDF\/7352\/1604908.pdf\" target=\"_blank\" rel=\"noopener noreferrer\">Link to the call<\/a><\/p>","protected":false},"excerpt":{"rendered":"<p>L&#8217;Agencia de residus ha publicat les dues convocat\u00f2ries que t\u00e9 destinades a subvencionar a empreses: l&#8217;execuci\u00f3 de projectes de prevenci\u00f3 de residus industrials i de foment de l&#8217;economia circular. A qui va dirigit? Les empreses o agrupacions d&#8217;empreses que tinguin almenys un establiment operatiu ubicat a Catalunya i les associacions d&#8217;empreses que tinguin l&#8217;establiment operatiu [&hellip;]<\/p>","protected":false},"author":1,"featured_media":6065,"parent":0,"menu_order":0,"comment_status":"closed","ping_status":"closed","template":"","meta":{"_acf_changed":false,"footnotes":""},"class_list":["post-6063","page","type-page","status-publish","has-post-thumbnail","hentry"],"acf":[],"_links":{"self":[{"href":"https:\/\/ecoindustria.net\/en\/wp-json\/wp\/v2\/pages\/6063","targetHints":{"allow":["GET"]}}],"collection":[{"href":"https:\/\/ecoindustria.net\/en\/wp-json\/wp\/v2\/pages"}],"about":[{"href":"https:\/\/ecoindustria.net\/en\/wp-json\/wp\/v2\/types\/page"}],"author":[{"embeddable":true,"href":"https:\/\/ecoindustria.net\/en\/wp-json\/wp\/v2\/users\/1"}],"replies":[{"embeddable":true,"href":"https:\/\/ecoindustria.net\/en\/wp-json\/wp\/v2\/comments?post=6063"}],"version-history":[{"count":2,"href":"https:\/\/ecoindustria.net\/en\/wp-json\/wp\/v2\/pages\/6063\/revisions"}],"predecessor-version":[{"id":6067,"href":"https:\/\/ecoindustria.net\/en\/wp-json\/wp\/v2\/pages\/6063\/revisions\/6067"}],"wp:featuredmedia":[{"embeddable":true,"href":"https:\/\/ecoindustria.net\/en\/wp-json\/wp\/v2\/media\/6065"}],"wp:attachment":[{"href":"https:\/\/ecoindustria.net\/en\/wp-json\/wp\/v2\/media?parent=6063"}],"curies":[{"name":"wp","href":"https:\/\/api.w.org\/{rel}","templated":true}]}}